{"id":11835,"date":"2022-01-30T16:45:48","date_gmt":"2022-01-30T15:45:48","guid":{"rendered":"https:\/\/hufschuhanzieher.de\/?post_type=product&#038;p=11835"},"modified":"2025-09-11T17:28:03","modified_gmt":"2025-09-11T15:28:03","slug":"explora-magic-pastern-strap","status":"publish","type":"product","link":"https:\/\/hufschuhanzieher.de\/en\/explora-magic-pastern-strap\/","title":{"rendered":"Explora Magic Pastern Strap"},"content":{"rendered":"<h4>Explora Magic Pastern Strap<\/h4>\n<p>The Explora Magic Spare Pastern Strap (see legend photo no.13 \"Pastern Strap\") has many hole options so you can achieve the perfect fit around your horse's pastern. The pastern strap helps to keep the boot securely on the hoof. Durable and flexible, this piece will not cause friction when properly fitted.<\/p>\n<p>Size:<\/p>\n<p>Gr\u00f6\u00dfe L (f\u00fcr Explora Magic Gr\u00f6\u00dfe 3, 4 und E4),<\/p>\n<p>Gr\u00f6\u00dfe M (f\u00fcr Explora Magic Gr\u00f6\u00dfe 1, 2, E1, E2 und E3)<\/p>\n<p>Delivery 1 piece (incl. one screw and one nut)<\/p>\n<h4><a href=\"https:\/\/hufschuhanzieher.de\/zubehoer-hufschuhe\/explora-zubehoer\" target=\"_blank\" rel=\"noopener\"><span style=\"color: #339966;\"><strong>further Explora Accessories:<\/strong><\/span><\/a><\/h4>\n<p>&nbsp;<\/p>","protected":false},"excerpt":{"rendered":"<h4>Price per Piece<\/h4>\n<p>Replacement Pastern Strap to prevent loss of the Explora Magic<\/p>","protected":false},"featured_media":27099,"template":"","meta":[],"product_brand":[1074],"product_cat":[215,35,15],"product_tag":[485,338,712,701,495,206],"class_list":{"0":"post-11835","1":"product","2":"type-product","3":"status-publish","4":"has-post-thumbnail","6":"product_brand-explora","7":"product_cat-explora-zubehoer","8":"product_cat-zubehoer-hufschuhe","9":"product_cat-unkategorisiert","10":"product_tag-ersatz","11":"product_tag-explora-magic","12":"product_tag-fesselband","13":"product_tag-heel-band","14":"product_tag-pastern-strap","15":"product_tag-zubehoer","17":"first","18":"instock","19":"taxable","20":"shipping-taxable","21":"purchasable","22":"product-type-variable"},"_links":{"self":[{"href":"https:\/\/hufschuhanzieher.de\/en\/wp-json\/wp\/v2\/product\/11835","targetHints":{"allow":["GET"]}}],"collection":[{"href":"https:\/\/hufschuhanzieher.de\/en\/wp-json\/wp\/v2\/product"}],"about":[{"href":"https:\/\/hufschuhanzieher.de\/en\/wp-json\/wp\/v2\/types\/product"}],"version-history":[{"count":2,"href":"https:\/\/hufschuhanzieher.de\/en\/wp-json\/wp\/v2\/product\/11835\/revisions"}],"predecessor-version":[{"id":26451,"href":"https:\/\/hufschuhanzieher.de\/en\/wp-json\/wp\/v2\/product\/11835\/revisions\/26451"}],"wp:featuredmedia":[{"embeddable":true,"href":"https:\/\/hufschuhanzieher.de\/en\/wp-json\/wp\/v2\/media\/27099"}],"wp:attachment":[{"href":"https:\/\/hufschuhanzieher.de\/en\/wp-json\/wp\/v2\/media?parent=11835"}],"wp:term":[{"taxonomy":"product_brand","embeddable":true,"href":"https:\/\/hufschuhanzieher.de\/en\/wp-json\/wp\/v2\/product_brand?post=11835"},{"taxonomy":"product_cat","embeddable":true,"href":"https:\/\/hufschuhanzieher.de\/en\/wp-json\/wp\/v2\/product_cat?post=11835"},{"taxonomy":"product_tag","embeddable":true,"href":"https:\/\/hufschuhanzieher.de\/en\/wp-json\/wp\/v2\/product_tag?post=11835"}],"curies":[{"name":"wp","href":"https:\/\/api.w.org\/{rel}","templated":true}]}}