{"id":1182,"date":"2019-10-28T10:27:42","date_gmt":"2019-10-28T09:27:42","guid":{"rendered":"https:\/\/hufschuhanzieher.de\/?post_type=product&#038;p=1182"},"modified":"2025-10-10T10:02:10","modified_gmt":"2025-10-10T08:02:10","slug":"equine-fusion-dampening-pads","status":"publish","type":"product","link":"https:\/\/hufschuhanzieher.de\/en\/equine-fusion-dampening-pads\/","title":{"rendered":"Equine Fusion, Dampening Pads"},"content":{"rendered":"<div class=\"imTAJustify\">\n<div class=\"imTALeft\">\n<p>Equine Fusion, Dampening Pads 2.0 &amp; Restbest\u00e4nde 1.0<\/p>\n<p>The Dampening Pad is designed according to the same principles as the Equine Fusion jogging shoe models: With a special rubber compound that gives the insole the best properties.<br \/>\nExtrem guter Form-Speicher, fast keine Verformung w\u00e4hrend der Verwendung. Die hervorragende Flexibilit\u00e4t, D\u00e4mpfung und biomechanischen Eigenschaften macht dies zum besten Pad sowohl zum Reiten als auch zur Rehabilitation.<\/p>\n<ul>\n<li><span class=\"fs10lh1-5\"><span class=\"fs10lh1-5\">The Equine Fusion Dampening Pad 1.0 <\/span><\/span>(discontinued model) <span class=\"fs10lh1-5\">ist nur noch in den Gr\u00f6\u00dfen 7+8 erh\u00e4ltlich; f<\/span><span class=\"fs10lh1-5\" style=\"color: #000000;\">for the SLIM models the pads have to be cut !<\/span><\/li>\n<li><span class=\"fs10lh1-5\">The Equine Fusion Dampening Pad 2.0 is available in SLIM &amp; REGULAR; <\/span><span class=\"fs10lh1-5\">cut yourself to the right size.<br \/>\n<\/span><\/li>\n<li><span class=\"fs10lh1-5\">suitable for all Equine Fusion models and other Brands.<br \/>\n<\/span><\/li>\n<li><span class=\"fs10lh1-5\">Supports the hoof capsule of your horse optimally!<\/span><\/li>\n<li><span class=\"fs10lh1-5\">Shock absorbing and very flexible!<\/span><\/li>\n<li>4mm thick<\/li>\n<li>Content: 2 pieces<\/li>\n<\/ul>\n<\/div>\n<\/div>\n<div>\n<h3>Size chart<\/h3>\n<h4>Equine Fusion Dampening Pad 2.0<\/h4>\n<p>REGULAR and SLIM, suitable for all Equine Fusion-Sizes<\/p>\n<h4>The Equine Fusion Dampening Pad 1.0 (discontinued)<strong><br \/>\n<\/strong><\/h4>\n<table style=\"max-width: 463px; height: 100px;\" width=\"463\">\n<tbody>\n<tr>\n<td style=\"text-align: left;\" width=\"57\"><span style=\"color: #000000;\"><strong>Size<\/strong><\/span><\/td>\n<td style=\"text-align: left;\" width=\"115\"><span style=\"color: #000000;\"><strong>Hoof Width REGULAR<\/strong><\/span><br \/>\n<span style=\"color: #000000;\"><strong>in mm<\/strong><\/span><\/td>\n<td width=\"\">\n<p style=\"text-align: left;\"><span style=\"color: #000000;\"><strong>Hoof Width<br \/>\n<\/strong><strong>SLIM<\/strong><\/span><br \/>\n<span style=\"color: #000000;\"><strong>in mm<\/strong><\/span><\/p>\n<\/td>\n<td style=\"text-align: left;\" width=\"\"><span style=\"color: #000000;\"><strong>Hoof Length<\/strong><\/span><br \/>\n<span style=\"color: #000000;\"><strong>in mm<\/strong><\/span><\/td>\n<\/tr>\n<tr>\n<td width=\"57\">7<\/td>\n<td width=\"115\">up to 70<\/td>\n<td width=\"\">up to 63,5<\/td>\n<td>66 &#8211; 75<\/td>\n<\/tr>\n<tr>\n<td width=\"57\">8<\/td>\n<td width=\"115\">\u2192 80<\/td>\n<td width=\"\">\u2192 73,5<\/td>\n<td>76 &#8211; 85<\/td>\n<\/tr>\n<\/tbody>\n<\/table>\n<p>&nbsp;<\/p>\n<p><strong>Video:<\/strong>\u00a0 <a href=\"https:\/\/youtu.be\/B0EpOaxgC1E?si=eUrpnSdtbW3u2Asl\" target=\"_blank\" rel=\"noopener nofollow\"><span style=\"color: #008000;\">User Guide Equine Fusion Dampening Pads<\/span><\/a><\/p>\n<p><a href=\"https:\/\/hufschhttps:\/\/hufschuhanzieher.de\/zubehoer-hufschuhe\/equine-fusion-zubehoer\/uhanzieher.de\/zubehoer-hufschuhe\/equine-fusion-zubehoer\" target=\"_blank\" rel=\"noopener\"><strong><span style=\"color: #008000;\">further EQUINE FUSION Accessories:<\/span><\/strong><\/a><\/p>\n<\/div>","protected":false},"excerpt":{"rendered":"<h4>Price PER PAIR<\/h4>\n<p><span class=\"fs10lh1-5\">Dampening pads for all Equine Fusion models. Can also be cut to fit other hoof boot brands.<br \/>\n<\/span><\/p>","protected":false},"featured_media":6192,"template":"","meta":[],"product_brand":[1073],"product_cat":[212,1047,35,248,15],"product_tag":[304,282,171,474,315,815,365,321],"class_list":{"0":"post-1182","1":"product","2":"type-product","3":"status-publish","4":"has-post-thumbnail","6":"product_brand-equine-fusion","7":"product_cat-equine-fusion-zubehoer","8":"product_cat-sale","9":"product_cat-zubehoer-hufschuhe","10":"product_cat-passend-fuer-alle-hufschuhe-zubehoer","11":"product_cat-unkategorisiert","12":"product_tag-einlage","13":"product_tag-einlegesohlen","14":"product_tag-equine-fusion","15":"product_tag-hufprobleme","16":"product_tag-hufrehe","17":"product_tag-hufrollenentzuendung-podotrochlose","18":"product_tag-laminitis","19":"product_tag-rehabilitation","20":"pa_ef-dampening-pads-regular-dampening-pads-2-0","21":"pa_ef-dampening-pads-slim-dampening-pads-2-0","22":"pa_ef-dampening-pads-7-regular","23":"pa_ef-dampening-pads-8-regular","25":"first","26":"instock","27":"sale","28":"taxable","29":"shipping-taxable","30":"purchasable","31":"product-type-variable"},"_links":{"self":[{"href":"https:\/\/hufschuhanzieher.de\/en\/wp-json\/wp\/v2\/product\/1182","targetHints":{"allow":["GET"]}}],"collection":[{"href":"https:\/\/hufschuhanzieher.de\/en\/wp-json\/wp\/v2\/product"}],"about":[{"href":"https:\/\/hufschuhanzieher.de\/en\/wp-json\/wp\/v2\/types\/product"}],"version-history":[{"count":2,"href":"https:\/\/hufschuhanzieher.de\/en\/wp-json\/wp\/v2\/product\/1182\/revisions"}],"predecessor-version":[{"id":29002,"href":"https:\/\/hufschuhanzieher.de\/en\/wp-json\/wp\/v2\/product\/1182\/revisions\/29002"}],"wp:featuredmedia":[{"embeddable":true,"href":"https:\/\/hufschuhanzieher.de\/en\/wp-json\/wp\/v2\/media\/6192"}],"wp:attachment":[{"href":"https:\/\/hufschuhanzieher.de\/en\/wp-json\/wp\/v2\/media?parent=1182"}],"wp:term":[{"taxonomy":"product_brand","embeddable":true,"href":"https:\/\/hufschuhanzieher.de\/en\/wp-json\/wp\/v2\/product_brand?post=1182"},{"taxonomy":"product_cat","embeddable":true,"href":"https:\/\/hufschuhanzieher.de\/en\/wp-json\/wp\/v2\/product_cat?post=1182"},{"taxonomy":"product_tag","embeddable":true,"href":"https:\/\/hufschuhanzieher.de\/en\/wp-json\/wp\/v2\/product_tag?post=1182"}],"curies":[{"name":"wp","href":"https:\/\/api.w.org\/{rel}","templated":true}]}}