{"id":11788,"date":"2022-01-23T15:33:08","date_gmt":"2022-01-23T14:33:08","guid":{"rendered":"https:\/\/hufschuhanzieher.de\/?post_type=product&#038;p=11788"},"modified":"2026-01-25T20:34:15","modified_gmt":"2026-01-25T19:34:15","slug":"scoot-boot-classic-coloured","status":"publish","type":"product","link":"https:\/\/hufschuhanzieher.de\/en\/scoot-boot-classic-coloured\/","title":{"rendered":"Scoot Boot Classic, farbig"},"content":{"rendered":"<h4>Scoot Boots are characterised by:<\/h4>\n<ul>\n<li><span style=\"font-size: 1rem;\">easy handling<\/span><\/li>\n<li><span class=\"fs10lh1-5\">no cables and no velcro fasteners<\/span><\/li>\n<li><span class=\"fs10lh1-5\">very light weight &amp; breathable<\/span><\/li>\n<li><span class=\"fs10lh1-5\">very good profile and easy-care material!<\/span><\/li>\n<li><span class=\"fs10lh1-5\">suitable for hooves that are wider than long<\/span><\/li>\n<li><span class=\"fs10lh1-5\"><b>Information<\/b>:\u00a0<\/span><span class=\"fs10lh1-5\">We strongly recommend to have the hoof boots fitted by experts!<\/span><\/li>\n<\/ul>\n<p>Please understand that we only supply the black standard model as a test boot.<\/p>\n<p>The SLIM sizes are currently only available in sizes 0 to 7 !<\/p>\n<p><img fetchpriority=\"high\" decoding=\"async\" class=\"wp-image-25535 size-full alignleft\" src=\"https:\/\/hufschuhanzieher.de\/wp-content\/uploads\/2019\/10\/ScootBoot-CLASSIC_Mini-chart.jpg\" alt=\"\" width=\"758\" height=\"1287\" title=\"\" srcset=\"https:\/\/hufschuhanzieher.de\/wp-content\/uploads\/2019\/10\/ScootBoot-CLASSIC_Mini-chart.jpg 758w, https:\/\/hufschuhanzieher.de\/wp-content\/uploads\/2019\/10\/ScootBoot-CLASSIC_Mini-chart-177x300.jpg 177w, https:\/\/hufschuhanzieher.de\/wp-content\/uploads\/2019\/10\/ScootBoot-CLASSIC_Mini-chart-603x1024.jpg 603w, https:\/\/hufschuhanzieher.de\/wp-content\/uploads\/2019\/10\/ScootBoot-CLASSIC_Mini-chart-7x12.jpg 7w, https:\/\/hufschuhanzieher.de\/wp-content\/uploads\/2019\/10\/ScootBoot-CLASSIC_Mini-chart-410x696.jpg 410w, https:\/\/hufschuhanzieher.de\/wp-content\/uploads\/2019\/10\/ScootBoot-CLASSIC_Mini-chart-300x509.jpg 300w, https:\/\/hufschuhanzieher.de\/wp-content\/uploads\/2019\/10\/ScootBoot-CLASSIC_Mini-chart-600x1019.jpg 600w\" sizes=\"(max-width: 758px) 100vw, 758px\" \/><\/p>\n<p><img decoding=\"async\" class=\"size-medium wp-image-11177 alignleft\" src=\"https:\/\/hufschuhanzieher.de\/wp-content\/uploads\/2021\/12\/insideScootBootpack_web-300x300.jpg\" alt=\"insideScootBootpack_web\" width=\"300\" height=\"300\" title=\"\" srcset=\"https:\/\/hufschuhanzieher.de\/wp-content\/uploads\/2021\/12\/insideScootBootpack_web-300x300.jpg 300w, https:\/\/hufschuhanzieher.de\/wp-content\/uploads\/2021\/12\/insideScootBootpack_web-100x100.jpg 100w, https:\/\/hufschuhanzieher.de\/wp-content\/uploads\/2021\/12\/insideScootBootpack_web-410x410.jpg 410w, https:\/\/hufschuhanzieher.de\/wp-content\/uploads\/2021\/12\/insideScootBootpack_web-150x150.jpg 150w, https:\/\/hufschuhanzieher.de\/wp-content\/uploads\/2021\/12\/insideScootBootpack_web-12x12.jpg 12w, https:\/\/hufschuhanzieher.de\/wp-content\/uploads\/2021\/12\/insideScootBootpack_web-60x60.jpg 60w, https:\/\/hufschuhanzieher.de\/wp-content\/uploads\/2021\/12\/insideScootBootpack_web.jpg 500w\" sizes=\"(max-width: 300px) 100vw, 300px\" \/><\/p>\n<p><strong>Lieferumfang, wenn Sie 1 PAAR Scootboots bestellen:<br \/>\n<\/strong><\/p>\n<ul>\n<li>ein Paar Scootboots schwarz<\/li>\n<li>ein Paar Trail-Gaiter<\/li>\n<li>4x Fesselriemen schwarz<\/li>\n<li>6x Zehenriemen schwarz<\/li>\n<li>inkl. aller Schrauben &amp; Kn\u00f6pfe<\/li>\n<\/ul>\n<p><strong>Lieferumfang, wenn Sie einen Scootboot bestellen:<\/strong><\/p>\n<p>Einen Scootboot schwarz, einen Trail-Gaiter, 2x Fesselriemen schwarz, 3x Zehenriemen schwarz, inkl. aller Schrauben &amp; Kn\u00f6pfe<\/p>\n<h4>Video: <a href=\"https:\/\/youtu.be\/JunOUBAg5Ks?si=Q2Q4p0SS-TV54x2n\" target=\"_blank\" rel=\"noopener nofollow\">Why Scoot Boots are the best hoof boots<\/a><\/h4>\n<h4>Video: <a href=\"https:\/\/youtu.be\/BIgYF_oVxgE?si=uCjXwb2uFaapzRrX\" target=\"_blank\" rel=\"noopener nofollow\">Scoot Boots anziehen<\/a><\/h4>\n<h4>Video: <a href=\"https:\/\/youtu.be\/fsGck1tN880?si=FH2c8I6DLkaTzgfy\" target=\"_blank\" rel=\"noopener nofollow\">neue Scoot Boots anpassen<\/a><\/h4>\n<p>&nbsp;<\/p>\n<h4><a href=\"https:\/\/hufschuhanzieher.de\/zubehoer-hufschuhe\/scoot-boots-zubehoer\"><span style=\"color: #339966;\"><strong>Accessories Scoot Boot:<\/strong><\/span><\/a><\/h4>","protected":false},"excerpt":{"rendered":"<p><strong>Preis PRO ST\u00dcCK\/PAAR<\/strong><\/p>\n<ul>\n<li><span style=\"font-size: 1rem;\">easy handling<\/span><\/li>\n<li><span class=\"fs10lh1-5\">no cables and no velcro fasteners<\/span><\/li>\n<li><span class=\"fs10lh1-5\">very light weight &amp; breathable<\/span><\/li>\n<li><span class=\"fs10lh1-5\">very good profile and easy-care material!<\/span><\/li>\n<\/ul>\n<p><span style=\"color: #ff0000;\">Bitte geben Sie im <strong>Bestellprozess (Kasse\/Anmerkungen)<\/strong> Ersatzfarben an, FALLS<\/span><br \/>\n<span style=\"color: #ff0000;\">&gt;die von Ihnen gew\u00fcnschte 1. Farb-Wahl (Pasternstraps) gerade nicht vorr\u00e4tig ist.<\/span><\/p>\n<p><span style=\"color: #ff0000;\">&gt;oder Sie eine andere Pasternstrap \u2013 Gr\u00f6\u00dfe ben\u00f6tigen, als die die standardm\u00e4ssig mitgeliefert wird. Die mitgelieferten Standardgr\u00f6\u00dfen finden sie in einer Grafik am Ende der Galerie<\/span><\/p>\n<p>&nbsp;<\/p>","protected":false},"featured_media":12176,"template":"","meta":[],"product_brand":[1064],"product_cat":[137,15,37,324],"product_tag":[638,639,522,173],"class_list":{"0":"post-11788","1":"product","2":"type-product","3":"status-publish","4":"has-post-thumbnail","6":"product_brand-scoot-boot","7":"product_cat-scoot-boots","8":"product_cat-unkategorisiert","9":"product_cat-hufschuh","10":"product_cat-nichttesten","11":"product_tag-bunt","12":"product_tag-farbig","13":"product_tag-pony-ponie","14":"product_tag-scoot-boot","16":"first","17":"instock","18":"taxable","19":"shipping-taxable","20":"purchasable","21":"product-type-variable","22":"has-default-attributes"},"_links":{"self":[{"href":"https:\/\/hufschuhanzieher.de\/en\/wp-json\/wp\/v2\/product\/11788","targetHints":{"allow":["GET"]}}],"collection":[{"href":"https:\/\/hufschuhanzieher.de\/en\/wp-json\/wp\/v2\/product"}],"about":[{"href":"https:\/\/hufschuhanzieher.de\/en\/wp-json\/wp\/v2\/types\/product"}],"version-history":[{"count":3,"href":"https:\/\/hufschuhanzieher.de\/en\/wp-json\/wp\/v2\/product\/11788\/revisions"}],"predecessor-version":[{"id":30017,"href":"https:\/\/hufschuhanzieher.de\/en\/wp-json\/wp\/v2\/product\/11788\/revisions\/30017"}],"wp:featuredmedia":[{"embeddable":true,"href":"https:\/\/hufschuhanzieher.de\/en\/wp-json\/wp\/v2\/media\/12176"}],"wp:attachment":[{"href":"https:\/\/hufschuhanzieher.de\/en\/wp-json\/wp\/v2\/media?parent=11788"}],"wp:term":[{"taxonomy":"product_brand","embeddable":true,"href":"https:\/\/hufschuhanzieher.de\/en\/wp-json\/wp\/v2\/product_brand?post=11788"},{"taxonomy":"product_cat","embeddable":true,"href":"https:\/\/hufschuhanzieher.de\/en\/wp-json\/wp\/v2\/product_cat?post=11788"},{"taxonomy":"product_tag","embeddable":true,"href":"https:\/\/hufschuhanzieher.de\/en\/wp-json\/wp\/v2\/product_tag?post=11788"}],"curies":[{"name":"wp","href":"https:\/\/api.w.org\/{rel}","templated":true}]}}