{"id":10568,"date":"2021-10-18T14:41:39","date_gmt":"2021-10-18T12:41:39","guid":{"rendered":"https:\/\/hufschuhanzieher.de\/?post_type=product&#038;p=10568"},"modified":"2026-03-31T15:42:06","modified_gmt":"2026-03-31T13:42:06","slug":"flex-boots-customize","status":"publish","type":"product","link":"https:\/\/hufschuhanzieher.de\/en\/flex-boots-customize\/","title":{"rendered":"FLEX Boots Customize"},"content":{"rendered":"<p>The standard sizes of Flex Boots do not always fit, e.g. because the horse's legs are more delicate or stronger than average. That's why Flex Boot Customize is available to ensure a better fit by choosing a smaller or larger TPU gaiter. The sizes of the neoprene gaiters and the backstraps are based on the size of the TPU gaiters and are only given here for completeness and to be able to look up the right size in case of an additional purchase.<\/p>\n<p>Wenn Sie eine Flex Boot Standard-Gr\u00f6\u00dfe (80, 80W &#8211; 150) nur farblich variieren m\u00f6chten, k\u00f6nnen Sie das hier: <a href=\"https:\/\/hufschuhanzieher.de\/flex-boots-standard\/\" target=\"_blank\" rel=\"noopener\"><span style=\"color: #008000;\"><strong>FLEX Boot A Standard<\/strong><\/span><\/a><br \/>\nYou can also order the Flex Boot Small Parts Replacement Set <strong><a href=\"https:\/\/hufschuhanzieher.de\/flex-boot-small-parts-spare-set\/\" target=\"_blank\" rel=\"noopener\"><span style=\"color: #008000;\">separately here<\/span><\/a>.<\/strong><\/p>\n<p>Sie vermissen eine Farbe? In unserer<span style=\"color: #008000;\"><a style=\"color: #008000;\" href=\"https:\/\/hufschuhanzieher.de\/sale\/\" target=\"_blank\" rel=\"noopener\"><strong> SALE % <\/strong><\/a><\/span>\u2013 Rubrik finden sie unsere Restposten von Farben die Flex Boot nicht mehr produziert<\/p>\n<p><strong>FLEX Boot:<\/strong><br \/>\nInnovative hoof boot from Finland for barefoot running horses. Thanks to the many adjustment options, the FLEX Boot fits many hoof shapes.<br \/>\nFLEX Boots are sold individually and supplied as a complete set of shell, TPU gaiter, neoprene gaiters and backstraps.<br \/>\nYou can also buy all parts separately if you need to replace any of the components.<\/p>\n<h3 style=\"text-align: left;\">Size-Chart FLEX Boots Customize:<\/h3>\n<table>\n<tbody>\n<tr>\n<td><strong>FLEX-Boot Size<br \/>\n<\/strong>Shell\/TPUgaiter<\/td>\n<td style=\"text-align: center;\"><strong>Neopren-Gaiter<br \/>\n<\/strong><strong>Size<br \/>\n<\/strong><\/td>\n<td style=\"text-align: center;\"><strong>Backstrap<br \/>\n<\/strong><strong>Size<br \/>\n<\/strong><\/td>\n<td style=\"text-align: center;\"><strong>Hoof Width<br \/>\n<\/strong><strong>approx.<br \/>\n<\/strong><\/td>\n<td style=\"text-align: center;\"><strong>Hoof Length<br \/>\n<\/strong><strong>max.<br \/>\n<\/strong><\/td>\n<td style=\"text-align: center;\"><\/td>\n<\/tr>\n<tr>\n<td><strong>80\/100<\/strong><\/td>\n<td style=\"text-align: center;\">XS<\/td>\n<td style=\"text-align: center;\">S<\/td>\n<td style=\"text-align: center;\">75 &#8211; 85 mm<\/td>\n<td style=\"text-align: center;\">90 mm<\/td>\n<\/tr>\n<tr>\n<td><span style=\"color: #993300;\"><strong>80W\/100<\/strong><\/span><\/td>\n<td style=\"text-align: center;\"><span style=\"color: #993300;\">XS<\/span><\/td>\n<td style=\"text-align: center;\"><span style=\"color: #993300;\">S<\/span><\/td>\n<td style=\"text-align: center;\"><span style=\"color: #993300;\">75 &#8211; 85 mm<\/span><\/td>\n<td style=\"text-align: center;\"><span style=\"color: #993300;\">80 mm<\/span><\/td>\n<\/tr>\n<tr>\n<td><strong>85\/100<\/strong><\/td>\n<td style=\"text-align: center;\">XS<\/td>\n<td style=\"text-align: center;\">S<\/td>\n<td style=\"text-align: center;\">80 &#8211; 90 mm<\/td>\n<td style=\"text-align: center;\">95 mm<\/td>\n<\/tr>\n<tr>\n<td><span style=\"color: #993300;\"><strong>85W\/100<\/strong><\/span><\/td>\n<td style=\"text-align: center;\"><span style=\"color: #993300;\">XS<\/span><\/td>\n<td style=\"text-align: center;\"><span style=\"color: #993300;\">S<\/span><\/td>\n<td style=\"text-align: center;\"><span style=\"color: #993300;\">80 &#8211; 90 mm<\/span><\/td>\n<td style=\"text-align: center;\"><span style=\"color: #993300;\">85 mm<\/span><\/td>\n<td style=\"text-align: center;\" width=\"240\"><\/td>\n<\/tr>\n<tr>\n<td><strong>90\/100<\/strong><\/td>\n<td style=\"text-align: center;\">XS<\/td>\n<td style=\"text-align: center;\">S<\/td>\n<td style=\"text-align: center;\">85 &#8211; 95 mm<\/td>\n<td style=\"text-align: center;\">100 mm<\/td>\n<\/tr>\n<tr>\n<td><span style=\"color: #993300;\"><strong>90W\/100<\/strong><\/span><\/td>\n<td style=\"text-align: center;\"><span style=\"color: #993300;\">XS<\/span><\/td>\n<td style=\"text-align: center;\"><span style=\"color: #993300;\">S<\/span><\/td>\n<td style=\"text-align: center;\"><span style=\"color: #993300;\">85 &#8211; 95 mm<\/span><\/td>\n<td style=\"text-align: center;\"><span style=\"color: #993300;\">90 mm<\/span><\/td>\n<\/tr>\n<tr>\n<td><strong>95\/90<\/strong><\/td>\n<td style=\"text-align: center;\">XS<\/td>\n<td style=\"text-align: center;\">S<\/td>\n<td style=\"text-align: center;\">90-100 mm<\/td>\n<td style=\"text-align: center;\">105 mm<\/td>\n<\/tr>\n<tr>\n<td><span style=\"color: #993300;\"><strong>95W\/90<\/strong><\/span><\/td>\n<td style=\"text-align: center;\"><span style=\"color: #993300;\">XS<\/span><\/td>\n<td style=\"text-align: center;\"><span style=\"color: #993300;\">S<\/span><\/td>\n<td style=\"text-align: center;\"><span style=\"color: #993300;\">90-100 mm<\/span><\/td>\n<td style=\"text-align: center;\"><span style=\"color: #993300;\">95 mm<\/span><\/td>\n<td style=\"text-align: center;\" width=\"240\"><\/td>\n<\/tr>\n<tr>\n<td><strong>95\/110<\/strong><\/td>\n<td style=\"text-align: center;\">S<\/td>\n<td style=\"text-align: center;\">S<\/td>\n<td style=\"text-align: center;\">90-100 mm<\/td>\n<td style=\"text-align: center;\">105 mm<\/td>\n<\/tr>\n<tr>\n<td><span style=\"color: #993300;\"><strong>95W\/110<\/strong><\/span><\/td>\n<td style=\"text-align: center;\"><span style=\"color: #993300;\">S<\/span><\/td>\n<td style=\"text-align: center;\"><span style=\"color: #993300;\">S<\/span><\/td>\n<td style=\"text-align: center;\"><span style=\"color: #993300;\">90-100 mm<\/span><\/td>\n<td style=\"text-align: center;\"><span style=\"color: #993300;\">95 mm<\/span><\/td>\n<td style=\"text-align: center;\" width=\"240\"><\/td>\n<\/tr>\n<tr>\n<td><strong>100\/90<\/strong><\/td>\n<td style=\"text-align: center;\">XS<\/td>\n<td style=\"text-align: center;\">XS<\/td>\n<td style=\"text-align: center;\">95 &#8211; 105 mm<\/td>\n<td style=\"text-align: center;\">110 mm<\/td>\n<\/tr>\n<tr>\n<td><span style=\"color: #993300;\"><strong>100W\/90<\/strong><\/span><\/td>\n<td style=\"text-align: center;\"><span style=\"color: #993300;\">XS<\/span><\/td>\n<td style=\"text-align: center;\"><span style=\"color: #993300;\">XS<\/span><\/td>\n<td style=\"text-align: center;\"><span style=\"color: #993300;\">95 &#8211; 105 mm<\/span><\/td>\n<td style=\"text-align: center;\"><span style=\"color: #993300;\">100 mm<\/span><\/td>\n<\/tr>\n<tr>\n<td><strong>100\/110<\/strong><\/td>\n<td style=\"text-align: center;\">S<\/td>\n<td style=\"text-align: center;\">S<\/td>\n<td style=\"text-align: center;\">95 &#8211; 105 mm<\/td>\n<td style=\"text-align: center;\">110 mm<\/td>\n<\/tr>\n<tr>\n<td><span style=\"color: #993300;\"><strong>100W\/110<\/strong><\/span><\/td>\n<td style=\"text-align: center;\"><span style=\"color: #993300;\">S<\/span><\/td>\n<td style=\"text-align: center;\"><span style=\"color: #993300;\">S<\/span><\/td>\n<td style=\"text-align: center;\"><span style=\"color: #993300;\">95 &#8211; 105 mm<\/span><\/td>\n<td style=\"text-align: center;\"><span style=\"color: #993300;\">100 mm<\/span><\/td>\n<\/tr>\n<tr>\n<td><strong>105\/100<\/strong><\/td>\n<td style=\"text-align: center;\">XS<\/td>\n<td style=\"text-align: center;\">S<\/td>\n<td style=\"text-align: center;\">100-110 mm<\/td>\n<td style=\"text-align: center;\">115 mm<\/td>\n<\/tr>\n<tr>\n<td><span style=\"color: #993300;\"><strong>105W\/100<\/strong><\/span><\/td>\n<td style=\"text-align: center;\"><span style=\"color: #993300;\">XS<\/span><\/td>\n<td style=\"text-align: center;\"><span style=\"color: #993300;\">S<\/span><\/td>\n<td style=\"text-align: center;\"><span style=\"color: #993300;\">100-110 mm<\/span><\/td>\n<td style=\"text-align: center;\"><span style=\"color: #993300;\">105 mm<\/span><\/td>\n<td style=\"text-align: center;\" width=\"240\"><\/td>\n<\/tr>\n<tr>\n<td><strong>105\/120<\/strong><\/td>\n<td style=\"text-align: center;\">M<\/td>\n<td style=\"text-align: center;\" width=\"120\">M<\/td>\n<td style=\"text-align: center;\">100-110 mm<\/td>\n<td style=\"text-align: center;\">115 mm<\/td>\n<\/tr>\n<tr>\n<td><span style=\"color: #993300;\"><strong>105W\/120<\/strong><\/span><\/td>\n<td style=\"text-align: center;\"><span style=\"color: #993300;\">M<\/span><\/td>\n<td style=\"text-align: center;\" width=\"120\"><span style=\"color: #993300;\">M<\/span><\/td>\n<td style=\"text-align: center;\"><span style=\"color: #993300;\">100-110 mm<\/span><\/td>\n<td style=\"text-align: center;\"><span style=\"color: #993300;\">105 mm<\/span><\/td>\n<td style=\"text-align: center;\" width=\"240\"><\/td>\n<\/tr>\n<tr>\n<td><strong>110\/100<\/strong><\/td>\n<td style=\"text-align: center;\">XS<\/td>\n<td style=\"text-align: center;\">S<\/td>\n<td style=\"text-align: center;\">105-115 mm<\/td>\n<td style=\"text-align: center;\">120 mm<\/td>\n<\/tr>\n<tr>\n<td><span style=\"color: #993300;\"><strong>110W\/100<\/strong><\/span><\/td>\n<td style=\"text-align: center;\"><span style=\"color: #993300;\">XS<\/span><\/td>\n<td style=\"text-align: center;\"><span style=\"color: #993300;\">S<\/span><\/td>\n<td style=\"text-align: center;\"><span style=\"color: #993300;\">105-115 mm<\/span><\/td>\n<td style=\"text-align: center;\"><span style=\"color: #993300;\">110 mm<\/span><\/td>\n<\/tr>\n<tr>\n<td><strong>110\/120<\/strong><\/td>\n<td style=\"text-align: center;\">M<\/td>\n<td style=\"text-align: center;\">M<\/td>\n<td style=\"text-align: center;\">105-115 mm<\/td>\n<td style=\"text-align: center;\">120 mm<\/td>\n<\/tr>\n<tr>\n<td><span style=\"color: #993300;\"><strong>110W\/120<\/strong><\/span><\/td>\n<td style=\"text-align: center;\"><span style=\"color: #993300;\">M<\/span><\/td>\n<td style=\"text-align: center;\"><span style=\"color: #993300;\">M<\/span><\/td>\n<td style=\"text-align: center;\"><span style=\"color: #993300;\">105-115 mm<\/span><\/td>\n<td style=\"text-align: center;\"><span style=\"color: #993300;\">110 mm<\/span><\/td>\n<\/tr>\n<tr>\n<td><strong>115\/110<\/strong><\/td>\n<td style=\"text-align: center;\">S<\/td>\n<td style=\"text-align: center;\">S<\/td>\n<td style=\"text-align: center;\">110-120 mm<\/td>\n<td style=\"text-align: center;\">125 mm<\/td>\n<\/tr>\n<tr>\n<td><span style=\"color: #993300;\"><strong>115W\/110<\/strong><\/span><\/td>\n<td style=\"text-align: center;\"><span style=\"color: #993300;\">S<\/span><\/td>\n<td style=\"text-align: center;\"><span style=\"color: #993300;\">S<\/span><\/td>\n<td style=\"text-align: center;\"><span style=\"color: #993300;\">110-120 mm<\/span><\/td>\n<td style=\"text-align: center;\"><span style=\"color: #993300;\">115 mm<\/span><\/td>\n<td style=\"text-align: center;\" width=\"240\"><\/td>\n<\/tr>\n<tr>\n<td><strong>115\/130<\/strong><\/td>\n<td style=\"text-align: center;\">M<\/td>\n<td style=\"text-align: center;\">L<\/td>\n<td style=\"text-align: center;\">110-120 mm<\/td>\n<td style=\"text-align: center;\">125 mm<\/td>\n<\/tr>\n<tr>\n<td><span style=\"color: #993300;\"><strong>115W\/130<\/strong><\/span><\/td>\n<td style=\"color: #993300; text-align: center;\">M<\/td>\n<td style=\"text-align: center;\"><span style=\"color: #993300;\">L<\/span><\/td>\n<td style=\"text-align: center;\"><span style=\"color: #993300;\">110-120 mm<\/span><\/td>\n<td style=\"text-align: center;\"><span style=\"color: #993300;\">115 mm<\/span><\/td>\n<td style=\"text-align: center;\" width=\"240\"><\/td>\n<\/tr>\n<tr>\n<td><strong>120\/110<\/strong><\/td>\n<td style=\"text-align: center;\">S<\/td>\n<td style=\"text-align: center;\">S<\/td>\n<td style=\"text-align: center;\">115-125 mm<\/td>\n<td style=\"text-align: center;\">130 mm<\/td>\n<\/tr>\n<tr>\n<td><span style=\"color: #993300;\"><strong>120W\/110<\/strong><\/span><\/td>\n<td style=\"text-align: center;\"><span style=\"color: #993300;\">S<\/span><\/td>\n<td style=\"text-align: center;\"><span style=\"color: #993300;\">S<\/span><\/td>\n<td style=\"text-align: center;\"><span style=\"color: #993300;\">115-125 mm<\/span><\/td>\n<td style=\"text-align: center;\"><span style=\"color: #993300;\">120 mm<\/span><\/td>\n<\/tr>\n<tr>\n<td><strong>120\/130<\/strong><\/td>\n<td style=\"text-align: center;\">M<\/td>\n<td style=\"text-align: center;\">L<\/td>\n<td style=\"text-align: center;\">115-125 mm<\/td>\n<td style=\"text-align: center;\">130 mm<\/td>\n<\/tr>\n<tr>\n<td><span style=\"color: #993300;\"><strong>120W\/130<\/strong><\/span><\/td>\n<td style=\"text-align: center;\"><span style=\"color: #993300;\">M<\/span><\/td>\n<td style=\"text-align: center;\"><span style=\"color: #993300;\">L<\/span><\/td>\n<td style=\"text-align: center;\"><span style=\"color: #993300;\">115-125 mm<\/span><\/td>\n<td style=\"text-align: center;\"><span style=\"color: #993300;\">120 mm<\/span><\/td>\n<\/tr>\n<tr>\n<td><strong>125\/120<\/strong><\/td>\n<td style=\"text-align: center;\">M<\/td>\n<td style=\"text-align: center;\">M<\/td>\n<td style=\"text-align: center;\">120-130 mm<\/td>\n<td style=\"text-align: center;\">135 mm<\/td>\n<\/tr>\n<tr>\n<td><span style=\"color: #993300;\"><strong>125W\/120<\/strong><\/span><\/td>\n<td style=\"text-align: center;\"><span style=\"color: #993300;\">M<\/span><\/td>\n<td style=\"text-align: center;\"><span style=\"color: #993300;\">M<\/span><\/td>\n<td style=\"text-align: center;\"><span style=\"color: #993300;\">120-130 mm<\/span><\/td>\n<td style=\"text-align: center;\"><span style=\"color: #993300;\">125 mm<\/span><\/td>\n<td style=\"text-align: center;\" width=\"240\"><\/td>\n<\/tr>\n<tr>\n<td><strong>125\/140<\/strong><\/td>\n<td style=\"text-align: center;\">L<\/td>\n<td style=\"text-align: center;\">L<\/td>\n<td style=\"text-align: center;\">120-130 mm<\/td>\n<td style=\"text-align: center;\">135 mm<\/td>\n<\/tr>\n<tr>\n<td><span style=\"color: #993300;\"><strong>125W\/140<\/strong><\/span><\/td>\n<td style=\"text-align: center;\"><span style=\"color: #993300;\">L<\/span><\/td>\n<td style=\"text-align: center;\"><span style=\"color: #993300;\">L<\/span><\/td>\n<td style=\"text-align: center;\"><span style=\"color: #993300;\">120-130 mm<\/span><\/td>\n<td style=\"text-align: center;\"><span style=\"color: #993300;\">125 mm<\/span><\/td>\n<td style=\"text-align: center;\" width=\"240\"><\/td>\n<\/tr>\n<tr>\n<td><strong>130\/120<\/strong><\/td>\n<td style=\"text-align: center;\">M<\/td>\n<td style=\"text-align: center;\">M<\/td>\n<td style=\"text-align: center;\">125-135 mm<\/td>\n<td style=\"text-align: center;\">140 mm<\/td>\n<\/tr>\n<tr>\n<td><span style=\"color: #993300;\"><strong>130W\/120<\/strong><\/span><\/td>\n<td style=\"text-align: center;\"><span style=\"color: #993300;\">M<\/span><\/td>\n<td style=\"text-align: center;\"><span style=\"color: #993300;\">M<\/span><\/td>\n<td style=\"text-align: center;\"><span style=\"color: #993300;\">125-135 mm<\/span><\/td>\n<td style=\"text-align: center;\"><span style=\"color: #993300;\">130 mm<\/span><\/td>\n<\/tr>\n<tr>\n<td><strong>130\/140<\/strong><\/td>\n<td style=\"text-align: center;\">L<\/td>\n<td style=\"text-align: center;\">L<\/td>\n<td style=\"text-align: center;\">125-135 mm<\/td>\n<td style=\"text-align: center;\">140 mm<\/td>\n<\/tr>\n<tr>\n<td><span style=\"color: #993300;\"><strong>130W\/140<\/strong><\/span><\/td>\n<td style=\"text-align: center;\"><span style=\"color: #993300;\">L<\/span><\/td>\n<td style=\"text-align: center;\"><span style=\"color: #993300;\">L<\/span><\/td>\n<td style=\"text-align: center;\"><span style=\"color: #993300;\">125-135 mm<\/span><\/td>\n<td style=\"text-align: center;\"><span style=\"color: #993300;\">130 mm<\/span><\/td>\n<\/tr>\n<tr>\n<td><strong>135\/130<\/strong><\/td>\n<td style=\"text-align: center;\">L<\/td>\n<td style=\"text-align: center;\">L<\/td>\n<td style=\"text-align: center;\">130-140 mm<\/td>\n<td style=\"text-align: center;\">145 mm<\/td>\n<td style=\"text-align: left;\"><span style=\"color: #ff0000;\">\u00a0<\/span><\/td>\n<\/tr>\n<tr>\n<td><span style=\"color: #993300;\"><strong>135W\/130<\/strong><\/span><\/td>\n<td style=\"text-align: center;\"><span style=\"color: #993300;\">L<\/span><\/td>\n<td style=\"text-align: center;\"><span style=\"color: #993300;\">L<\/span><\/td>\n<td style=\"text-align: center;\"><span style=\"color: #993300;\">130-140 mm<\/span><\/td>\n<td style=\"text-align: center;\"><span style=\"color: #993300;\">135 mm<\/span><\/td>\n<td style=\"text-align: center;\" width=\"240\"><\/td>\n<\/tr>\n<tr>\n<td><strong>135\/150<\/strong><\/td>\n<td style=\"text-align: center;\">L<\/td>\n<td style=\"text-align: center;\">XL<\/td>\n<td style=\"text-align: center;\">130-140 mm<\/td>\n<td style=\"text-align: center;\">145 mm<\/td>\n<td style=\"text-align: left;\"><\/td>\n<\/tr>\n<tr>\n<td><span style=\"color: #993300;\"><strong>135W\/150<\/strong><\/span><\/td>\n<td style=\"text-align: center;\"><span style=\"color: #993300;\">L<\/span><\/td>\n<td style=\"text-align: center;\"><span style=\"color: #993300;\">XL<\/span><\/td>\n<td style=\"text-align: center;\"><span style=\"color: #993300;\">130-140 mm<\/span><\/td>\n<td style=\"text-align: center;\"><span style=\"color: #993300;\">135 mm<\/span><\/td>\n<td style=\"text-align: center;\" width=\"240\"><\/td>\n<\/tr>\n<tr>\n<td><strong>140\/130<\/strong><\/td>\n<td style=\"text-align: center;\">L<\/td>\n<td style=\"text-align: center;\">L<\/td>\n<td style=\"text-align: center;\">135-145 mm<\/td>\n<td style=\"text-align: center;\">150 mm<\/td>\n<\/tr>\n<tr>\n<td><span style=\"color: #993300;\"><strong>140W\/130<\/strong><\/span><\/td>\n<td style=\"text-align: center;\"><span style=\"color: #993300;\">L<\/span><\/td>\n<td style=\"text-align: center;\"><span style=\"color: #993300;\">L<\/span><\/td>\n<td style=\"text-align: center;\"><span style=\"color: #993300;\">135-145 mm<\/span><\/td>\n<td style=\"text-align: center;\"><span style=\"color: #993300;\">140 mm<\/span><\/td>\n<\/tr>\n<tr>\n<td><strong>140\/150<\/strong><\/td>\n<td style=\"text-align: center;\">L<\/td>\n<td style=\"text-align: center;\">XL<\/td>\n<td style=\"text-align: center;\">135-145 mm<\/td>\n<td style=\"text-align: center;\">150 mm<\/td>\n<\/tr>\n<tr>\n<td><span style=\"color: #993300;\"><strong>140W\/150<\/strong><\/span><\/td>\n<td style=\"text-align: center;\"><span style=\"color: #993300;\">L<\/span><\/td>\n<td style=\"text-align: center;\"><span style=\"color: #993300;\">XL<\/span><\/td>\n<td style=\"text-align: center;\"><span style=\"color: #993300;\">135-145 mm<\/span><\/td>\n<td style=\"text-align: center;\"><span style=\"color: #993300;\">140 mm<\/span><\/td>\n<\/tr>\n<tr>\n<td><strong>145\/140<\/strong><\/td>\n<td style=\"text-align: center;\">L<\/td>\n<td style=\"text-align: center;\">L<\/td>\n<td style=\"text-align: center;\">140-150 mm<\/td>\n<td style=\"text-align: center;\">155 mm<\/td>\n<td style=\"text-align: left;\"><\/td>\n<\/tr>\n<tr>\n<td><span style=\"color: #993300;\"><strong>145W\/140<\/strong><\/span><\/td>\n<td style=\"text-align: center;\"><span style=\"color: #993300;\">L<\/span><\/td>\n<td style=\"text-align: center;\"><span style=\"color: #993300;\">L<\/span><\/td>\n<td style=\"text-align: center;\"><span style=\"color: #993300;\">140-150 mm<\/span><\/td>\n<td style=\"text-align: center;\"><span style=\"color: #993300;\">145 mm<\/span><\/td>\n<td style=\"text-align: center;\" width=\"240\"><\/td>\n<\/tr>\n<tr>\n<td><strong>150\/140<\/strong><\/td>\n<td style=\"text-align: center;\">L<\/td>\n<td style=\"text-align: center;\">L<\/td>\n<td style=\"text-align: center;\">145-155 mm<\/td>\n<td style=\"text-align: center;\">160 mm<\/td>\n<\/tr>\n<\/tbody>\n<\/table>\n<p><span style=\"color: #ff0000;\">Please note:<\/span> <strong>These are custom-made products. Flex Boots Customize are therefore excluded from exchange and testing.<\/strong><\/p>\n<p>The FLEX Boots are the softest hoof boots on the market. They are durable and easy to put on and take off. They have been carefully designed with the horse's well-being as the top priority.<br \/>\nFLEX Boots are light and slim, they are comfortable for the horse.<br \/>\nFLEX Hoof Boots are \ufb02exible, supple and durable barefoot hoof boots that provide protection without compromising the function of the hoof mechanism.<\/p>\n<p>The FLEX boot has a unique sole. It is laterally and medially \ufb02exible. It takes the hardest pressure off the footing but allows the horse to really feel the ground.<\/p>\n<p>&nbsp;<\/p>\n<table style=\"max-width: 1200px;\" width=\"1200\">\n<tbody>\n<tr>\n<td style=\"text-align: right;\" width=\"380\"><img fetchpriority=\"high\" decoding=\"async\" class=\"alignleft wp-image-7193\" src=\"https:\/\/hufschuhanzieher.de\/wp-content\/uploads\/2021\/01\/IMG_3615-240x300.jpg\" alt=\"FLEX boots - correct hoof trim\" width=\"400\" height=\"500\" title=\"\" srcset=\"https:\/\/hufschuhanzieher.de\/wp-content\/uploads\/2021\/01\/IMG_3615-240x300.jpg 240w, https:\/\/hufschuhanzieher.de\/wp-content\/uploads\/2021\/01\/IMG_3615-300x375.jpg 300w, https:\/\/hufschuhanzieher.de\/wp-content\/uploads\/2021\/01\/IMG_3615-600x750.jpg 600w, https:\/\/hufschuhanzieher.de\/wp-content\/uploads\/2021\/01\/IMG_3615-410x513.jpg 410w, https:\/\/hufschuhanzieher.de\/wp-content\/uploads\/2021\/01\/IMG_3615-819x1024.jpg 819w, https:\/\/hufschuhanzieher.de\/wp-content\/uploads\/2021\/01\/IMG_3615-768x960.jpg 768w, https:\/\/hufschuhanzieher.de\/wp-content\/uploads\/2021\/01\/IMG_3615-10x12.jpg 10w, https:\/\/hufschuhanzieher.de\/wp-content\/uploads\/2021\/01\/IMG_3615.jpg 1080w\" sizes=\"(max-width: 400px) 100vw, 400px\" \/><\/td>\n<td style=\"text-align: left;\" width=\"600\"><strong><strong>For unrestricted pleasure with the hoof boot,<br \/>\nhorse owners should round the horse's hooves approx. weekly:<br \/>\n<\/strong><\/strong><\/p>\n<ul>\n<li>any sharp and pointed edges;<\/li>\n<li>Hooves that come up toe first because they are too long;<\/li>\n<li>narrow heels<\/li>\n<li>high heels or a hoof wall,<br \/>\nthat mainly bears the weight alone;<\/li>\n<\/ul>\n<p><u>all this damages the boot<\/u>.<\/p>\n<p class=\" translation-block\">A good trim based on anatomy,<br>\nis not only beneficial for the horse,<br>\nbut also for the function of the boot.<\/p>\n<p>That is why Flex Boot is a \"holistic\" hoof boot.<\/td>\n<\/tr>\n<\/tbody>\n<\/table>\n<p>For young horses, the Flex Boot is a perfect way to protect the feet from excessive wear and tear, and not make the feet numb. It is like a barefoot shoe for humans.<\/p>\n<p>The Flex Boot has a unique sole that allows you to add 10 to 12 studs per hoof boot.<\/p>\n<p>Flex Boots fit many different hoof shapes and sizes.<br \/>\n-However, if the hoof width is more than 10 mm greater than the length, the FLEX Boots are not ideal for your horse.<br \/>\n-If the hooves are very narrow and the horse has a habit of twisting the legs a lot, FLEX Boots may not be suitable for your horse either.<br \/>\nRemember that flex boots work better when they are a little looser than too tight, so if in doubt, go one size up.<\/p>\n<p>PDF: <span style=\"color: #339966;\"><a style=\"color: #339966;\" href=\"https:\/\/hufschuhanzieher.de\/wp-content\/uploads\/2021\/02\/FLEX-Boots_How-to-use.pdf\" target=\"_blank\" rel=\"noopener noreferrer\">FLEX Boots, how to use<\/a><\/span><\/p>\n<p>Video: <a href=\"https:\/\/youtu.be\/SuihlNxjs2M?si=VKXhdiAzxRuwrpTI\" target=\"_blank\" rel=\"noopener nofollow\">How to fit Flex Boots and adjust them<\/a><\/p>\n<p>Video: <a href=\"https:\/\/youtu.be\/zDKLQjPVZwY?si=QPDvCLsZYSUYjMhO\" target=\"_blank\" rel=\"noopener nofollow\">How to assemble Flex Boots<\/a><\/p>\n<p>&gt;<span style=\"color: #339966;\"> <a style=\"color: #339966;\" href=\"https:\/\/www.flexhoofboots.com\/\" target=\"_blank\" rel=\"noopener noreferrer nofollow\">flexhoofboots.com<\/a><\/span> <em>have a<\/em> <a href=\"https:\/\/www.youtube.com\/channel\/UCfWgrRZoTSL1TMzUXrsvcgA\/videos\" target=\"_blank\" rel=\"noopener noreferrer nofollow\"><span style=\"color: #339966;\">Video channel<\/span><\/a>, <em>where to get help on the correct fit of the boot or guidance on parts replacement<\/em><\/p>\n<h4><span style=\"color: #339966;\"><strong>&gt; <\/strong><\/span><a href=\"https:\/\/hufschuhanzieher.de\/zubehoer-hufschuhe\/flex-boots-zubehoer\/\"><span style=\"color: #339966;\"><strong>Flex Boot Accessories:<\/strong><\/span><\/a><\/h4>","protected":false},"excerpt":{"rendered":"<h3><strong>Price per Piece<\/strong><\/h3>\n<p>With the Flex Boots Customize you can adapt the Flex Boots even more precisely to the anatomical conditions of your horse.<br \/>\n<strong>These are custom-made products. Flex Boots Customize are therefore excluded from exchange and testing.<\/strong><\/p>\n<p><span style=\"color: #ff0000;\"><span style=\"color: #000000;\">Optionally with Small Parts Replacement Set.<\/span><\/span><\/p>","protected":false},"featured_media":16447,"template":"","meta":[],"product_brand":[1069],"product_cat":[445,15,37,324],"product_tag":[446,448,433,600,447],"class_list":{"0":"post-10568","1":"product","2":"type-product","3":"status-publish","4":"has-post-thumbnail","6":"product_brand-flex-boots","7":"product_cat-flex-boots","8":"product_cat-unkategorisiert","9":"product_cat-hufschuh","10":"product_cat-nichttesten","11":"product_tag-barfuss","12":"product_tag-finnland","13":"product_tag-flex","14":"product_tag-flex-boots-custom-made","15":"product_tag-flex-hoof-boots","17":"first","18":"instock","19":"taxable","20":"shipping-taxable","21":"purchasable","22":"product-type-variable","23":"has-default-attributes"},"_links":{"self":[{"href":"https:\/\/hufschuhanzieher.de\/en\/wp-json\/wp\/v2\/product\/10568","targetHints":{"allow":["GET"]}}],"collection":[{"href":"https:\/\/hufschuhanzieher.de\/en\/wp-json\/wp\/v2\/product"}],"about":[{"href":"https:\/\/hufschuhanzieher.de\/en\/wp-json\/wp\/v2\/types\/product"}],"version-history":[{"count":10,"href":"https:\/\/hufschuhanzieher.de\/en\/wp-json\/wp\/v2\/product\/10568\/revisions"}],"predecessor-version":[{"id":29647,"href":"https:\/\/hufschuhanzieher.de\/en\/wp-json\/wp\/v2\/product\/10568\/revisions\/29647"}],"wp:featuredmedia":[{"embeddable":true,"href":"https:\/\/hufschuhanzieher.de\/en\/wp-json\/wp\/v2\/media\/16447"}],"wp:attachment":[{"href":"https:\/\/hufschuhanzieher.de\/en\/wp-json\/wp\/v2\/media?parent=10568"}],"wp:term":[{"taxonomy":"product_brand","embeddable":true,"href":"https:\/\/hufschuhanzieher.de\/en\/wp-json\/wp\/v2\/product_brand?post=10568"},{"taxonomy":"product_cat","embeddable":true,"href":"https:\/\/hufschuhanzieher.de\/en\/wp-json\/wp\/v2\/product_cat?post=10568"},{"taxonomy":"product_tag","embeddable":true,"href":"https:\/\/hufschuhanzieher.de\/en\/wp-json\/wp\/v2\/product_tag?post=10568"}],"curies":[{"name":"wp","href":"https:\/\/api.w.org\/{rel}","templated":true}]}}