{"id":204,"date":"2019-10-23T10:15:51","date_gmt":"2019-10-23T10:15:51","guid":{"rendered":"https:\/\/hufschuhanzieher.de\/?page_id=204"},"modified":"2024-12-04T21:37:47","modified_gmt":"2024-12-04T20:37:47","slug":"ueber-mich","status":"publish","type":"page","link":"https:\/\/hufschuhanzieher.de\/en\/ueber-mich\/","title":{"rendered":"About me"},"content":{"rendered":"<div data-elementor-type=\"wp-page\" data-elementor-id=\"204\" class=\"elementor elementor-204\">\n\t\t\t\t\t\t<section class=\"elementor-section elementor-top-section elementor-element elementor-element-b8a92eb elementor-section-full_width ct-section-stretched elementor-section-height-default elementor-section-height-default\" data-id=\"b8a92eb\" data-element_type=\"section\" data-e-type=\"section\">\n\t\t\t\t\t\t<div class=\"elementor-container elementor-column-gap-no\">\n\t\t\t\t\t<div class=\"elementor-column elementor-col-100 elementor-top-column elementor-element elementor-element-a492c52\" data-id=\"a492c52\" data-element_type=\"column\" data-e-type=\"column\">\n\t\t\t<div class=\"elementor-widget-wrap elementor-element-populated\">\n\t\t\t\t\t\t<div class=\"elementor-element elementor-element-3f0062b elementor-widget elementor-widget-image\" data-id=\"3f0062b\" data-element_type=\"widget\" data-e-type=\"widget\" data-widget_type=\"image.default\">\n\t\t\t\t<div class=\"elementor-widget-container\">\n\t\t\t\t\t\t\t\t\t\t\t\t\t\t\t<img decoding=\"async\" src=\"https:\/\/hufschuhanzieher.de\/wp-content\/uploads\/2021\/08\/Michele-mit-Shetties_web.jpg\" title=\"Mich\u00e8le mit Shetties_web\" alt=\"Mich\u00e8le mit Shetties_web\" loading=\"lazy\" \/>\t\t\t\t\t\t\t\t\t\t\t\t\t\t\t<\/div>\n\t\t\t\t<\/div>\n\t\t\t\t\t<\/div>\n\t\t<\/div>\n\t\t\t\t\t<\/div>\n\t\t<\/section>\n\t\t\t\t<section class=\"elementor-section elementor-top-section elementor-element elementor-element-de7af4d elementor-section-content-middle elementor-section-boxed elementor-section-height-default elementor-section-height-default\" data-id=\"de7af4d\" data-element_type=\"section\" data-e-type=\"section\">\n\t\t\t\t\t\t<div class=\"elementor-container elementor-column-gap-wide\">\n\t\t\t\t\t<div class=\"elementor-column elementor-col-50 elementor-top-column elementor-element elementor-element-fb0a503\" data-id=\"fb0a503\" data-element_type=\"column\" data-e-type=\"column\">\n\t\t\t<div class=\"elementor-widget-wrap elementor-element-populated\">\n\t\t\t\t\t\t<div class=\"elementor-element elementor-element-d1a9548 elementor-widget elementor-widget-image\" data-id=\"d1a9548\" data-element_type=\"widget\" data-e-type=\"widget\" data-widget_type=\"image.default\">\n\t\t\t\t<div class=\"elementor-widget-container\">\n\t\t\t\t\t\t\t\t\t\t\t\t\t\t\t\t<a href=\"https:\/\/hufschuhanzieher.de\/wp-content\/uploads\/2019\/10\/Mich-03_sb.jpg\" data-elementor-open-lightbox=\"yes\" data-elementor-lightbox-title=\"Mich-03_sb\" data-e-action-hash=\"#elementor-action%3Aaction%3Dlightbox%26settings%3DeyJpZCI6MjA2LCJ1cmwiOiJodHRwczpcL1wvaHVmc2NodWhhbnppZWhlci5kZVwvd3AtY29udGVudFwvdXBsb2Fkc1wvMjAxOVwvMTBcL01pY2gtMDNfc2IuanBnIn0%3D\">\n\t\t\t\t\t\t\t<img fetchpriority=\"high\" decoding=\"async\" width=\"885\" height=\"748\" src=\"https:\/\/hufschuhanzieher.de\/wp-content\/uploads\/2019\/10\/Mich-03_sb.jpg\" class=\"attachment-large size-large wp-image-206\" alt=\"\" srcset=\"https:\/\/hufschuhanzieher.de\/wp-content\/uploads\/2019\/10\/Mich-03_sb.jpg 885w, https:\/\/hufschuhanzieher.de\/wp-content\/uploads\/2019\/10\/Mich-03_sb-300x254.jpg 300w, https:\/\/hufschuhanzieher.de\/wp-content\/uploads\/2019\/10\/Mich-03_sb-600x507.jpg 600w, https:\/\/hufschuhanzieher.de\/wp-content\/uploads\/2019\/10\/Mich-03_sb-410x347.jpg 410w, https:\/\/hufschuhanzieher.de\/wp-content\/uploads\/2019\/10\/Mich-03_sb-768x649.jpg 768w\" sizes=\"(max-width: 885px) 100vw, 885px\" title=\"\">\t\t\t\t\t\t\t\t<\/a>\n\t\t\t\t\t\t\t\t\t\t\t\t\t\t\t<\/div>\n\t\t\t\t<\/div>\n\t\t\t\t\t<\/div>\n\t\t<\/div>\n\t\t\t\t<div class=\"elementor-column elementor-col-50 elementor-top-column elementor-element elementor-element-4cd5a2c\" data-id=\"4cd5a2c\" data-element_type=\"column\" data-e-type=\"column\">\n\t\t\t<div class=\"elementor-widget-wrap elementor-element-populated\">\n\t\t\t\t\t\t<div class=\"elementor-element elementor-element-427b8e3  headright   elementor-widget elementor-widget-heading\" data-id=\"427b8e3\" data-element_type=\"widget\" data-e-type=\"widget\" data-widget_type=\"heading.default\">\n\t\t\t\t<div class=\"elementor-widget-container\">\n\t\t\t\t\t<h3 class=\"elementor-heading-title elementor-size-default\">Out of a deep love for horses,<\/h3>\t\t\t\t<\/div>\n\t\t\t\t<\/div>\n\t\t\t\t<div class=\"elementor-element elementor-element-67f42e9 elementor-widget elementor-widget-text-editor\" data-id=\"67f42e9\" data-element_type=\"widget\" data-e-type=\"widget\" data-widget_type=\"text-editor.default\">\n\t\t\t\t<div class=\"elementor-widget-container\">\n\t\t\t\t\t\t\t\t\t<p>the own disappointments of not finding a suitable, competent and reliable hoof trimmer, as well as a stay abroad with do-it-yourself efforts and experience, the idea of doing the training myself was born. Since 2000 I have been working as a self-employed hoof groomer and I use only hoof boots as hoof protection.<\/p>\n<p><!-- \/wp:paragraph --><!-- wp:paragraph --><\/p>\n<h3>Ihre Mich\u00e8le Mesche<\/h3>\t\t\t\t\t\t\t\t<\/div>\n\t\t\t\t<\/div>\n\t\t\t\t<div class=\"elementor-element elementor-element-099c1f3 elementor-align-left elementor-widget elementor-widget-button\" data-id=\"099c1f3\" data-element_type=\"widget\" data-e-type=\"widget\" data-widget_type=\"button.default\">\n\t\t\t\t<div class=\"elementor-widget-container\">\n\t\t\t\t\t\t\t\t\t<div class=\"elementor-button-wrapper\">\n\t\t\t\t\t<a class=\"elementor-button elementor-button-link elementor-size-sm elementor-animation-float\" href=\"https:\/\/hufschuhanzieher.de\/kontakt\/\">\n\t\t\t\t\t\t<span class=\"elementor-button-content-wrapper\">\n\t\t\t\t\t\t\t\t\t<span class=\"elementor-button-text\">Contact<\/span>\n\t\t\t\t\t<\/span>\n\t\t\t\t\t<\/a>\n\t\t\t\t<\/div>\n\t\t\t\t\t\t\t\t<\/div>\n\t\t\t\t<\/div>\n\t\t\t\t\t<\/div>\n\t\t<\/div>\n\t\t\t\t\t<\/div>\n\t\t<\/section>\n\t\t\t\t<section class=\"elementor-section elementor-top-section elementor-element elementor-element-c82d28d elementor-section-content-middle ct-section-stretched elementor-section-boxed elementor-section-height-default elementor-section-height-default\" data-id=\"c82d28d\" data-element_type=\"section\" data-e-type=\"section\" data-settings=\"{&quot;background_background&quot;:&quot;classic&quot;}\">\n\t\t\t\t\t\t<div class=\"elementor-container elementor-column-gap-wider\">\n\t\t\t\t\t<div class=\"elementor-column elementor-col-50 elementor-top-column elementor-element elementor-element-3a55c06\" data-id=\"3a55c06\" data-element_type=\"column\" data-e-type=\"column\">\n\t\t\t<div class=\"elementor-widget-wrap elementor-element-populated\">\n\t\t\t\t\t\t<div class=\"elementor-element elementor-element-d2b5027 headleft elementor-widget elementor-widget-heading\" data-id=\"d2b5027\" data-element_type=\"widget\" data-e-type=\"widget\" data-widget_type=\"heading.default\">\n\t\t\t\t<div class=\"elementor-widget-container\">\n\t\t\t\t\t<h2 class=\"elementor-heading-title elementor-size-default\">Bare hoof care<\/h2>\t\t\t\t<\/div>\n\t\t\t\t<\/div>\n\t\t\t\t<div class=\"elementor-element elementor-element-9ac92c4 elementor-widget elementor-widget-text-editor\" data-id=\"9ac92c4\" data-element_type=\"widget\" data-e-type=\"widget\" data-widget_type=\"text-editor.default\">\n\t\t\t\t<div class=\"elementor-widget-container\">\n\t\t\t\t\t\t\t\t\t<p>The cut-out concept\u00a0<a href=\"http:\/\/www.f-balance.com\/de\/\" rel=\"nofollow noopener\" target=\"_blank\">&#8222;<strong>F-Balance<\/strong>&#8222;<\/a> takes into account the natural hoof shapes and movement possibilities. It follows anatomically measurable signs on the hoof in order to prepare it optimally and individually for each horse. The horse and its nature always indicate how the hoof should be positioned. In this way, the horse is perfectly balanced and very often expensive shoes are unnecessary and secondary diseases are prevented or even eliminated.<\/p>\n<p>I also organize presentations and seminars on horse health, horse handling and their (and our) training.<\/p>\t\t\t\t\t\t\t\t<\/div>\n\t\t\t\t<\/div>\n\t\t\t\t<section class=\"elementor-section elementor-inner-section elementor-element elementor-element-3516a92 elementor-section-boxed elementor-section-height-default elementor-section-height-default\" data-id=\"3516a92\" data-element_type=\"section\" data-e-type=\"section\">\n\t\t\t\t\t\t<div class=\"elementor-container elementor-column-gap-default\">\n\t\t\t\t\t<div class=\"elementor-column elementor-col-50 elementor-inner-column elementor-element elementor-element-45e1d7a\" data-id=\"45e1d7a\" data-element_type=\"column\" data-e-type=\"column\">\n\t\t\t<div class=\"elementor-widget-wrap elementor-element-populated\">\n\t\t\t\t\t\t<div class=\"elementor-element elementor-element-e8cbe80 elementor-align-center elementor-widget elementor-widget-button\" data-id=\"e8cbe80\" data-element_type=\"widget\" data-e-type=\"widget\" data-widget_type=\"button.default\">\n\t\t\t\t<div class=\"elementor-widget-container\">\n\t\t\t\t\t\t\t\t\t<div class=\"elementor-button-wrapper\">\n\t\t\t\t\t<a class=\"elementor-button elementor-button-link elementor-size-sm elementor-animation-float\" href=\"https:\/\/hufschuhanzieher.de\/hufschuhe-testen\/\">\n\t\t\t\t\t\t<span class=\"elementor-button-content-wrapper\">\n\t\t\t\t\t\t\t\t\t<span class=\"elementor-button-text\">Test Hoof Boots<\/span>\n\t\t\t\t\t<\/span>\n\t\t\t\t\t<\/a>\n\t\t\t\t<\/div>\n\t\t\t\t\t\t\t\t<\/div>\n\t\t\t\t<\/div>\n\t\t\t\t\t<\/div>\n\t\t<\/div>\n\t\t\t\t<div class=\"elementor-column elementor-col-50 elementor-inner-column elementor-element elementor-element-a6a189a\" data-id=\"a6a189a\" data-element_type=\"column\" data-e-type=\"column\">\n\t\t\t<div class=\"elementor-widget-wrap elementor-element-populated\">\n\t\t\t\t\t\t<div class=\"elementor-element elementor-element-7adf2c6 elementor-align-center elementor-widget elementor-widget-button\" data-id=\"7adf2c6\" data-element_type=\"widget\" data-e-type=\"widget\" data-widget_type=\"button.default\">\n\t\t\t\t<div class=\"elementor-widget-container\">\n\t\t\t\t\t\t\t\t\t<div class=\"elementor-button-wrapper\">\n\t\t\t\t\t<a class=\"elementor-button elementor-button-link elementor-size-sm elementor-animation-float\" href=\"https:\/\/hufschuhanzieher.de\/shop\/\">\n\t\t\t\t\t\t<span class=\"elementor-button-content-wrapper\">\n\t\t\t\t\t\t\t\t\t<span class=\"elementor-button-text\">Buy Hoof Boots<\/span>\n\t\t\t\t\t<\/span>\n\t\t\t\t\t<\/a>\n\t\t\t\t<\/div>\n\t\t\t\t\t\t\t\t<\/div>\n\t\t\t\t<\/div>\n\t\t\t\t\t<\/div>\n\t\t<\/div>\n\t\t\t\t\t<\/div>\n\t\t<\/section>\n\t\t\t\t\t<\/div>\n\t\t<\/div>\n\t\t\t\t<div class=\"elementor-column elementor-col-50 elementor-top-column elementor-element elementor-element-9e9a5f9\" data-id=\"9e9a5f9\" data-element_type=\"column\" data-e-type=\"column\">\n\t\t\t<div class=\"elementor-widget-wrap elementor-element-populated\">\n\t\t\t\t\t\t<div class=\"elementor-element elementor-element-7375464 elementor-widget elementor-widget-image\" data-id=\"7375464\" data-element_type=\"widget\" data-e-type=\"widget\" data-widget_type=\"image.default\">\n\t\t\t\t<div class=\"elementor-widget-container\">\n\t\t\t\t\t\t\t\t\t\t\t\t\t\t\t\t<a href=\"https:\/\/hufschuhanzieher.de\/wp-content\/uploads\/2019\/11\/Semin-01_sb.jpg\" data-elementor-open-lightbox=\"yes\" data-elementor-lightbox-title=\"Semin-01_sb\" data-e-action-hash=\"#elementor-action%3Aaction%3Dlightbox%26settings%3DeyJpZCI6MTk3OSwidXJsIjoiaHR0cHM6XC9cL2h1ZnNjaHVoYW56aWVoZXIuZGVcL3dwLWNvbnRlbnRcL3VwbG9hZHNcLzIwMTlcLzExXC9TZW1pbi0wMV9zYi5qcGcifQ%3D%3D\">\n\t\t\t\t\t\t\t<img decoding=\"async\" width=\"1024\" height=\"480\" src=\"https:\/\/hufschuhanzieher.de\/wp-content\/uploads\/2019\/11\/Semin-01_sb-1024x480.jpg\" class=\"attachment-large size-large wp-image-1979\" alt=\"\" srcset=\"https:\/\/hufschuhanzieher.de\/wp-content\/uploads\/2019\/11\/Semin-01_sb-1024x480.jpg 1024w, https:\/\/hufschuhanzieher.de\/wp-content\/uploads\/2019\/11\/Semin-01_sb-300x141.jpg 300w, https:\/\/hufschuhanzieher.de\/wp-content\/uploads\/2019\/11\/Semin-01_sb-600x282.jpg 600w, https:\/\/hufschuhanzieher.de\/wp-content\/uploads\/2019\/11\/Semin-01_sb-410x192.jpg 410w, https:\/\/hufschuhanzieher.de\/wp-content\/uploads\/2019\/11\/Semin-01_sb-768x360.jpg 768w, https:\/\/hufschuhanzieher.de\/wp-content\/uploads\/2019\/11\/Semin-01_sb.jpg 1200w\" sizes=\"(max-width: 1024px) 100vw, 1024px\" title=\"\">\t\t\t\t\t\t\t\t<\/a>\n\t\t\t\t\t\t\t\t\t\t\t\t\t\t\t<\/div>\n\t\t\t\t<\/div>\n\t\t\t\t<div class=\"elementor-element elementor-element-760f481 elementor-widget elementor-widget-text-editor\" data-id=\"760f481\" data-element_type=\"widget\" data-e-type=\"widget\" data-widget_type=\"text-editor.default\">\n\t\t\t\t<div class=\"elementor-widget-container\">\n\t\t\t\t\t\t\t\t\t<p>Specially for owners whose horses are reluctant to give hooves, I offer intensive courses on request.<\/p>\t\t\t\t\t\t\t\t<\/div>\n\t\t\t\t<\/div>\n\t\t\t\t\t<\/div>\n\t\t<\/div>\n\t\t\t\t\t<\/div>\n\t\t<\/section>\n\t\t\t\t<section class=\"elementor-section elementor-top-section elementor-element elementor-element-b0881de elementor-section-full_width elementor-section-height-default elementor-section-height-default\" data-id=\"b0881de\" data-element_type=\"section\" data-e-type=\"section\">\n\t\t\t\t\t\t<div class=\"elementor-container elementor-column-gap-wider\">\n\t\t\t\t\t<div class=\"elementor-column elementor-col-100 elementor-top-column elementor-element elementor-element-299fea8\" data-id=\"299fea8\" data-element_type=\"column\" data-e-type=\"column\">\n\t\t\t<div class=\"elementor-widget-wrap elementor-element-populated\">\n\t\t\t\t\t\t<div class=\"elementor-element elementor-element-d9adc88 elementor-widget elementor-widget-image-gallery\" data-id=\"d9adc88\" data-element_type=\"widget\" data-e-type=\"widget\" data-widget_type=\"image-gallery.default\">\n\t\t\t\t<div class=\"elementor-widget-container\">\n\t\t\t\t\t\t\t<div class=\"elementor-image-gallery\">\n\t\t\t<div id='gallery-1' class='gallery galleryid-204 gallery-columns-5 gallery-size-thumbnail'><figure class='gallery-item'>\n\t\t\t<div class='gallery-icon landscape'>\n\t\t\t\t<img decoding=\"async\" width=\"150\" height=\"150\" src=\"https:\/\/hufschuhanzieher.de\/wp-content\/uploads\/2020\/09\/authorized-dealer-large_500x500-150x150.png\" class=\"attachment-thumbnail size-thumbnail\" alt=\"Equine Fusion_authorized-dealer\" srcset=\"https:\/\/hufschuhanzieher.de\/wp-content\/uploads\/2020\/09\/authorized-dealer-large_500x500-150x150.png 150w, https:\/\/hufschuhanzieher.de\/wp-content\/uploads\/2020\/09\/authorized-dealer-large_500x500-300x300.png 300w, https:\/\/hufschuhanzieher.de\/wp-content\/uploads\/2020\/09\/authorized-dealer-large_500x500-100x100.png 100w, https:\/\/hufschuhanzieher.de\/wp-content\/uploads\/2020\/09\/authorized-dealer-large_500x500-410x410.png 410w, https:\/\/hufschuhanzieher.de\/wp-content\/uploads\/2020\/09\/authorized-dealer-large_500x500.png 501w\" sizes=\"(max-width: 150px) 100vw, 150px\" title=\"\">\n\t\t\t<\/div><\/figure><figure class='gallery-item'>\n\t\t\t<div class='gallery-icon landscape'>\n\t\t\t\t<img loading=\"lazy\" decoding=\"async\" width=\"150\" height=\"150\" src=\"https:\/\/hufschuhanzieher.de\/wp-content\/uploads\/2021\/01\/Flex-logo-150x150.jpg\" class=\"attachment-thumbnail size-thumbnail\" alt=\"FLEX Hoof Boot logo\" srcset=\"https:\/\/hufschuhanzieher.de\/wp-content\/uploads\/2021\/01\/Flex-logo-150x150.jpg 150w, https:\/\/hufschuhanzieher.de\/wp-content\/uploads\/2021\/01\/Flex-logo-e1613827917903-300x300.jpg 300w, https:\/\/hufschuhanzieher.de\/wp-content\/uploads\/2021\/01\/Flex-logo-e1613827917903-100x100.jpg 100w, https:\/\/hufschuhanzieher.de\/wp-content\/uploads\/2021\/01\/Flex-logo-e1613827917903-410x410.jpg 410w, https:\/\/hufschuhanzieher.de\/wp-content\/uploads\/2021\/01\/Flex-logo-1024x1024.jpg 1024w, https:\/\/hufschuhanzieher.de\/wp-content\/uploads\/2021\/01\/Flex-logo-768x768.jpg 768w, https:\/\/hufschuhanzieher.de\/wp-content\/uploads\/2021\/01\/Flex-logo-12x12.jpg 12w, https:\/\/hufschuhanzieher.de\/wp-content\/uploads\/2021\/01\/Flex-logo-600x600.jpg 600w, https:\/\/hufschuhanzieher.de\/wp-content\/uploads\/2021\/01\/Flex-logo-e1613827917903.jpg 500w\" sizes=\"(max-width: 150px) 100vw, 150px\" title=\"\">\n\t\t\t<\/div><\/figure><figure class='gallery-item'>\n\t\t\t<div class='gallery-icon landscape'>\n\t\t\t\t<img loading=\"lazy\" decoding=\"async\" width=\"150\" height=\"150\" src=\"https:\/\/hufschuhanzieher.de\/wp-content\/uploads\/2020\/01\/Explora-Boot-Logo-con-caballo-negro-150x150.png\" class=\"attachment-thumbnail size-thumbnail\" alt=\"\" srcset=\"https:\/\/hufschuhanzieher.de\/wp-content\/uploads\/2020\/01\/Explora-Boot-Logo-con-caballo-negro-150x150.png 150w, https:\/\/hufschuhanzieher.de\/wp-content\/uploads\/2020\/01\/Explora-Boot-Logo-con-caballo-negro-100x100.png 100w, https:\/\/hufschuhanzieher.de\/wp-content\/uploads\/2020\/01\/Explora-Boot-Logo-con-caballo-negro.png 256w\" sizes=\"(max-width: 150px) 100vw, 150px\" title=\"\">\n\t\t\t<\/div><\/figure><figure class='gallery-item'>\n\t\t\t<div class='gallery-icon landscape'>\n\t\t\t\t<img loading=\"lazy\" decoding=\"async\" width=\"150\" height=\"150\" src=\"https:\/\/hufschuhanzieher.de\/wp-content\/uploads\/2020\/09\/cavallo-horse-and-rider-logo_500x500-150x150.png\" class=\"attachment-thumbnail size-thumbnail\" alt=\"cavallo-horse-and-rider-logo_500x500\" srcset=\"https:\/\/hufschuhanzieher.de\/wp-content\/uploads\/2020\/09\/cavallo-horse-and-rider-logo_500x500-150x150.png 150w, https:\/\/hufschuhanzieher.de\/wp-content\/uploads\/2020\/09\/cavallo-horse-and-rider-logo_500x500-300x300.png 300w, https:\/\/hufschuhanzieher.de\/wp-content\/uploads\/2020\/09\/cavallo-horse-and-rider-logo_500x500-100x100.png 100w, https:\/\/hufschuhanzieher.de\/wp-content\/uploads\/2020\/09\/cavallo-horse-and-rider-logo_500x500-410x410.png 410w, https:\/\/hufschuhanzieher.de\/wp-content\/uploads\/2020\/09\/cavallo-horse-and-rider-logo_500x500.png 500w\" sizes=\"(max-width: 150px) 100vw, 150px\" title=\"\">\n\t\t\t<\/div><\/figure><figure class='gallery-item'>\n\t\t\t<div class='gallery-icon landscape'>\n\t\t\t\t<img loading=\"lazy\" decoding=\"async\" width=\"150\" height=\"150\" src=\"https:\/\/hufschuhanzieher.de\/wp-content\/uploads\/2021\/03\/SG_Logo_medium-green_HGw-150x150.jpg\" class=\"attachment-thumbnail size-thumbnail\" alt=\"SG_Logo_medium green_HGw\" aria-describedby=\"gallery-1-7822\" srcset=\"https:\/\/hufschuhanzieher.de\/wp-content\/uploads\/2021\/03\/SG_Logo_medium-green_HGw-150x150.jpg 150w, https:\/\/hufschuhanzieher.de\/wp-content\/uploads\/2021\/03\/SG_Logo_medium-green_HGw-e1616941271560-300x300.jpg 300w, https:\/\/hufschuhanzieher.de\/wp-content\/uploads\/2021\/03\/SG_Logo_medium-green_HGw-e1616941271560-100x100.jpg 100w, https:\/\/hufschuhanzieher.de\/wp-content\/uploads\/2021\/03\/SG_Logo_medium-green_HGw-e1616941271560-410x410.jpg 410w, https:\/\/hufschuhanzieher.de\/wp-content\/uploads\/2021\/03\/SG_Logo_medium-green_HGw-1024x1024.jpg 1024w, https:\/\/hufschuhanzieher.de\/wp-content\/uploads\/2021\/03\/SG_Logo_medium-green_HGw-768x768.jpg 768w, https:\/\/hufschuhanzieher.de\/wp-content\/uploads\/2021\/03\/SG_Logo_medium-green_HGw-1536x1536.jpg 1536w, https:\/\/hufschuhanzieher.de\/wp-content\/uploads\/2021\/03\/SG_Logo_medium-green_HGw-2048x2048.jpg 2048w, https:\/\/hufschuhanzieher.de\/wp-content\/uploads\/2021\/03\/SG_Logo_medium-green_HGw-12x12.jpg 12w, https:\/\/hufschuhanzieher.de\/wp-content\/uploads\/2021\/03\/SG_Logo_medium-green_HGw-600x600.jpg 600w, https:\/\/hufschuhanzieher.de\/wp-content\/uploads\/2021\/03\/SG_Logo_medium-green_HGw-e1616941271560.jpg 500w\" sizes=\"(max-width: 150px) 100vw, 150px\" title=\"\">\n\t\t\t<\/div>\n\t\t\t\t<figcaption class='wp-caption-text gallery-caption' id='gallery-1-7822'>\n\t\t\t\tSG_Logo_medium green_HGw\n\t\t\t\t<\/figcaption><\/figure><figure class='gallery-item'>\n\t\t\t<div class='gallery-icon landscape'>\n\t\t\t\t<img loading=\"lazy\" decoding=\"async\" width=\"150\" height=\"150\" src=\"https:\/\/hufschuhanzieher.de\/wp-content\/uploads\/2020\/09\/eclogo-web-address_500x500-150x150.jpg\" class=\"attachment-thumbnail size-thumbnail\" alt=\"easycare__logo\" srcset=\"https:\/\/hufschuhanzieher.de\/wp-content\/uploads\/2020\/09\/eclogo-web-address_500x500-150x150.jpg 150w, https:\/\/hufschuhanzieher.de\/wp-content\/uploads\/2020\/09\/eclogo-web-address_500x500-300x300.jpg 300w, https:\/\/hufschuhanzieher.de\/wp-content\/uploads\/2020\/09\/eclogo-web-address_500x500-100x100.jpg 100w, https:\/\/hufschuhanzieher.de\/wp-content\/uploads\/2020\/09\/eclogo-web-address_500x500-410x410.jpg 410w, https:\/\/hufschuhanzieher.de\/wp-content\/uploads\/2020\/09\/eclogo-web-address_500x500.jpg 500w\" sizes=\"(max-width: 150px) 100vw, 150px\" title=\"\">\n\t\t\t<\/div><\/figure><figure class='gallery-item'>\n\t\t\t<div class='gallery-icon landscape'>\n\t\t\t\t<img loading=\"lazy\" decoding=\"async\" width=\"150\" height=\"150\" src=\"https:\/\/hufschuhanzieher.de\/wp-content\/uploads\/2020\/09\/Marquis_Logo_300dpi_500x500-150x150.jpg\" class=\"attachment-thumbnail size-thumbnail\" alt=\"Marquis_Logo_300dpi_500x500_web\" srcset=\"https:\/\/hufschuhanzieher.de\/wp-content\/uploads\/2020\/09\/Marquis_Logo_300dpi_500x500-150x150.jpg 150w, https:\/\/hufschuhanzieher.de\/wp-content\/uploads\/2020\/09\/Marquis_Logo_300dpi_500x500-300x300.jpg 300w, https:\/\/hufschuhanzieher.de\/wp-content\/uploads\/2020\/09\/Marquis_Logo_300dpi_500x500-100x100.jpg 100w, https:\/\/hufschuhanzieher.de\/wp-content\/uploads\/2020\/09\/Marquis_Logo_300dpi_500x500-410x410.jpg 410w, https:\/\/hufschuhanzieher.de\/wp-content\/uploads\/2020\/09\/Marquis_Logo_300dpi_500x500.jpg 500w\" sizes=\"(max-width: 150px) 100vw, 150px\" title=\"\">\n\t\t\t<\/div><\/figure><figure class='gallery-item'>\n\t\t\t<div class='gallery-icon landscape'>\n\t\t\t\t<img loading=\"lazy\" decoding=\"async\" width=\"150\" height=\"150\" src=\"https:\/\/hufschuhanzieher.de\/wp-content\/uploads\/2021\/01\/FRA\u00ae_logo-150x150.png\" class=\"attachment-thumbnail size-thumbnail\" alt=\"FRA\u00ae_logo\" srcset=\"https:\/\/hufschuhanzieher.de\/wp-content\/uploads\/2021\/01\/FRA\u00ae_logo-150x150.png 150w, https:\/\/hufschuhanzieher.de\/wp-content\/uploads\/2021\/01\/FRA\u00ae_logo-100x100.png 100w, https:\/\/hufschuhanzieher.de\/wp-content\/uploads\/2021\/01\/FRA\u00ae_logo.png 300w, https:\/\/hufschuhanzieher.de\/wp-content\/uploads\/2021\/01\/FRA\u00ae_logo-12x12.png 12w\" sizes=\"(max-width: 150px) 100vw, 150px\" title=\"\">\n\t\t\t<\/div><\/figure><figure class='gallery-item'>\n\t\t\t<div class='gallery-icon landscape'>\n\t\t\t\t<img loading=\"lazy\" decoding=\"async\" width=\"150\" height=\"150\" src=\"https:\/\/hufschuhanzieher.de\/wp-content\/uploads\/2021\/02\/garrido_logo2-150x150.png\" class=\"attachment-thumbnail size-thumbnail\" alt=\"garrido_logo2\" srcset=\"https:\/\/hufschuhanzieher.de\/wp-content\/uploads\/2021\/02\/garrido_logo2-150x150.png 150w, https:\/\/hufschuhanzieher.de\/wp-content\/uploads\/2021\/02\/garrido_logo2-300x300.png 300w, https:\/\/hufschuhanzieher.de\/wp-content\/uploads\/2021\/02\/garrido_logo2-100x100.png 100w, https:\/\/hufschuhanzieher.de\/wp-content\/uploads\/2021\/02\/garrido_logo2-410x410.png 410w, https:\/\/hufschuhanzieher.de\/wp-content\/uploads\/2021\/02\/garrido_logo2-12x12.png 12w, https:\/\/hufschuhanzieher.de\/wp-content\/uploads\/2021\/02\/garrido_logo2.png 500w\" sizes=\"(max-width: 150px) 100vw, 150px\" title=\"\">\n\t\t\t<\/div><\/figure>\n\t\t<\/div>\n\t\t<\/div>\n\t\t\t\t\t\t<\/div>\n\t\t\t\t<\/div>\n\t\t\t\t\t<\/div>\n\t\t<\/div>\n\t\t\t\t\t<\/div>\n\t\t<\/section>\n\t\t\t\t<\/div>","protected":false},"excerpt":{"rendered":"<p>Aus der tiefen Liebe zum Pferd, den eigenen Entt\u00e4uschungen keinen geeigneten, kompetenten und zuverl\u00e4ssigen Hufbearbeiter zu finden, sowie einem Auslandsaufenthalt mit Do-It-Yourself-Bem\u00fchungen und \u2013Erfahrungen entstand die Idee, selbst die Ausbildung zu absolvieren. Seit 2000 arbeite ich als selbstst\u00e4ndige Hufpflegerin und verwende als Hufschutz ausschlie\u00dflich Hufschuhe. Ihre Mich\u00e8le Mesche Kontakt Barhufpflege Das Ausschneide-Konzept\u00a0&#8222;F-Balance&#8222; ber\u00fccksichtigt die nat\u00fcrlichen [&hellip;]<\/p>\n","protected":false},"author":1,"featured_media":0,"parent":0,"menu_order":0,"comment_status":"closed","ping_status":"closed","template":"","meta":{"footnotes":""},"class_list":["post-204","page","type-page","status-publish","hentry"],"blocksy_meta":[],"_links":{"self":[{"href":"https:\/\/hufschuhanzieher.de\/en\/wp-json\/wp\/v2\/pages\/204","targetHints":{"allow":["GET"]}}],"collection":[{"href":"https:\/\/hufschuhanzieher.de\/en\/wp-json\/wp\/v2\/pages"}],"about":[{"href":"https:\/\/hufschuhanzieher.de\/en\/wp-json\/wp\/v2\/types\/page"}],"author":[{"embeddable":true,"href":"https:\/\/hufschuhanzieher.de\/en\/wp-json\/wp\/v2\/users\/1"}],"replies":[{"embeddable":true,"href":"https:\/\/hufschuhanzieher.de\/en\/wp-json\/wp\/v2\/comments?post=204"}],"version-history":[{"count":0,"href":"https:\/\/hufschuhanzieher.de\/en\/wp-json\/wp\/v2\/pages\/204\/revisions"}],"wp:attachment":[{"href":"https:\/\/hufschuhanzieher.de\/en\/wp-json\/wp\/v2\/media?parent=204"}],"curies":[{"name":"wp","href":"https:\/\/api.w.org\/{rel}","templated":true}]}}