{"id":1520,"date":"2019-11-04T17:03:50","date_gmt":"2019-11-04T17:03:50","guid":{"rendered":"https:\/\/hufschuhanzieher.de\/?page_id=1520"},"modified":"2025-01-01T14:32:39","modified_gmt":"2025-01-01T13:32:39","slug":"bezahlmoeglichkeiten","status":"publish","type":"page","link":"https:\/\/hufschuhanzieher.de\/en\/bezahlmoeglichkeiten\/","title":{"rendered":"Payment methods"},"content":{"rendered":"<div data-elementor-type=\"wp-page\" data-elementor-id=\"1520\" class=\"elementor elementor-1520\">\n\t\t\t\t\t\t<section class=\"elementor-section elementor-top-section elementor-element elementor-element-bacc483 elementor-section-boxed elementor-section-height-default elementor-section-height-default\" data-id=\"bacc483\" data-element_type=\"section\" data-e-type=\"section\">\n\t\t\t\t\t\t<div class=\"elementor-container elementor-column-gap-default\">\n\t\t\t\t\t<div class=\"elementor-column elementor-col-100 elementor-top-column elementor-element elementor-element-9be8437\" data-id=\"9be8437\" data-element_type=\"column\" data-e-type=\"column\">\n\t\t\t<div class=\"elementor-widget-wrap elementor-element-populated\">\n\t\t\t\t\t\t<div class=\"elementor-element elementor-element-7afae12 elementor-widget elementor-widget-heading\" data-id=\"7afae12\" data-element_type=\"widget\" data-e-type=\"widget\" data-widget_type=\"heading.default\">\n\t\t\t\t<div class=\"elementor-widget-container\">\n\t\t\t\t\t<h2 class=\"elementor-heading-title elementor-size-default\">Payment methods<\/h2>\t\t\t\t<\/div>\n\t\t\t\t<\/div>\n\t\t\t\t\t<\/div>\n\t\t<\/div>\n\t\t\t\t\t<\/div>\n\t\t<\/section>\n\t\t\t\t<section class=\"elementor-section elementor-top-section elementor-element elementor-element-3b1e5ff elementor-section-boxed elementor-section-height-default elementor-section-height-default\" data-id=\"3b1e5ff\" data-element_type=\"section\" data-e-type=\"section\">\n\t\t\t\t\t\t<div class=\"elementor-container elementor-column-gap-default\">\n\t\t\t\t\t<div class=\"elementor-column elementor-col-50 elementor-top-column elementor-element elementor-element-58c8203b\" data-id=\"58c8203b\" data-element_type=\"column\" data-e-type=\"column\">\n\t\t\t<div class=\"elementor-widget-wrap elementor-element-populated\">\n\t\t\t\t\t\t<div class=\"elementor-element elementor-element-2be12d07 elementor-widget elementor-widget-shortcode\" data-id=\"2be12d07\" data-element_type=\"widget\" data-e-type=\"widget\" data-widget_type=\"shortcode.default\">\n\t\t\t\t<div class=\"elementor-widget-container\">\n\t\t\t\t\t\t\t<div class=\"elementor-shortcode\"><div class=\"woocommerce woocommerce-gzd\">\n\t<ul class=\"payment_methods methods\">\n\t\t\t\t\t<li class=\"payment_method_ppcp-gateway\">\n\t\t\t\t<label>PayPal<\/label>\n\t\t\t\t\t\t\t\t\t<div class=\"payment_box payment_method_ppcp-gateway\">\n\t\t\t\t\t\t<p>Mit PayPal zahlen.<\/p>\n\t\t\t\t\t<\/div>\n\t\t\t\t\t\t\t<\/li>\n\t\t\t\t\t<li class=\"payment_method_ppcp-bancontact\">\n\t\t\t\t<label>Bancontact<img decoding=\"async\" src=\"https:\/\/www.paypalobjects.com\/images\/checkout\/alternative_payments\/paypal_bancontact_color.svg\" alt=\"Bancontact\" title=\"\"><\/label>\n\t\t\t\t\t\t\t<\/li>\n\t\t\t\t\t<li class=\"payment_method_ppcp-blik\">\n\t\t\t\t<label>Blik<img decoding=\"async\" src=\"https:\/\/www.paypalobjects.com\/images\/checkout\/alternative_payments\/paypal_blik_color.svg\" alt=\"Blik\" title=\"\"><\/label>\n\t\t\t\t\t\t\t<\/li>\n\t\t\t\t\t<li class=\"payment_method_ppcp-eps\">\n\t\t\t\t<label>EPS<img decoding=\"async\" src=\"https:\/\/www.paypalobjects.com\/images\/checkout\/alternative_payments\/paypal_eps_color.svg\" alt=\"EPS\" title=\"\"><\/label>\n\t\t\t\t\t\t\t<\/li>\n\t\t\t\t\t<li class=\"payment_method_ppcp-ideal\">\n\t\t\t\t<label>iDeal<img decoding=\"async\" src=\"https:\/\/www.paypalobjects.com\/images\/checkout\/alternative_payments\/paypal_ideal_color.svg\" alt=\"iDeal\" title=\"\"><\/label>\n\t\t\t\t\t\t\t<\/li>\n\t\t\t\t\t<li class=\"payment_method_ppcp-mybank\">\n\t\t\t\t<label>MyBank<img decoding=\"async\" src=\"https:\/\/www.paypalobjects.com\/images\/checkout\/alternative_payments\/paypal_mybank_color.svg\" alt=\"MyBank\" title=\"\"><\/label>\n\t\t\t\t\t\t\t<\/li>\n\t\t\t\t\t<li class=\"payment_method_ppcp-p24\">\n\t\t\t\t<label>Przelewy24<img decoding=\"async\" src=\"https:\/\/www.paypalobjects.com\/images\/checkout\/alternative_payments\/paypal_przelewy24_color.svg\" alt=\"Przelewy24\" title=\"\"><\/label>\n\t\t\t\t\t\t\t<\/li>\n\t\t\t\t\t<li class=\"payment_method_ppcp-trustly\">\n\t\t\t\t<label>Echtzeit-Bank\u00fcberweisungen PayPal Trustly<img decoding=\"async\" src=\"https:\/\/www.paypalobjects.com\/images\/checkout\/alternative_payments\/paypal_trustly_color.svg\" alt=\"Echtzeit-Bank\u00fcberweisungen PayPal Trustly\" title=\"\"><\/label>\n\t\t\t\t\t\t\t<\/li>\n\t\t\t\t\t<li class=\"payment_method_ppcp-multibanco\">\n\t\t\t\t<label>Multibanco<img decoding=\"async\" src=\"https:\/\/www.paypalobjects.com\/images\/checkout\/alternative_payments\/paypal_multibanco_color.svg\" alt=\"Multibanco\" title=\"\"><\/label>\n\t\t\t\t\t\t\t<\/li>\n\t\t\t\t\t<li class=\"payment_method_bacs\">\n\t\t\t\t<label>Direkte Bank\u00fcberweisung (nur Vorkasse)<\/label>\n\t\t\t\t\t\t\t\t\t<div class=\"payment_box payment_method_bacs\">\n\t\t\t\t\t\t<p>Transfer directly to our bank account. Please use the order number as reason for payment. Your order will only be shipped after we have received the money on our account.<\/p>\n\t\t\t\t\t<\/div>\n\t\t\t\t\t\t\t<\/li>\n\t\t\t<\/ul>\n<\/div><\/div>\n\t\t\t\t\t\t<\/div>\n\t\t\t\t<\/div>\n\t\t\t\t\t<\/div>\n\t\t<\/div>\n\t\t\t\t<div class=\"elementor-column elementor-col-50 elementor-top-column elementor-element elementor-element-86082cc\" data-id=\"86082cc\" data-element_type=\"column\" data-e-type=\"column\">\n\t\t\t<div class=\"elementor-widget-wrap elementor-element-populated\">\n\t\t\t\t\t\t<div class=\"elementor-element elementor-element-9e9194f elementor-widget elementor-widget-text-editor\" data-id=\"9e9194f\" data-element_type=\"widget\" data-e-type=\"widget\" data-widget_type=\"text-editor.default\">\n\t\t\t\t<div class=\"elementor-widget-container\">\n\t\t\t\t\t\t\t\t\t<div><strong>Sofort\u00fcberweisung<\/strong><\/div><p>Sie \u00fcberweisen den Rechnungbetrag direkt von Ihrem Bankkonto aus (PIN bereithalten).<\/p><p><strong>Kreditkarte (\u00fcber PayPal)<\/strong><br \/>Sie k\u00f6nnen mit Ihrer Kreditkarte zahlen &#8211; auch ohne eigenes PayPal Konto.<\/p><p><strong>Cash payment on collection<\/strong><br \/>Sie zahlen bei Abholung der Ware.<\/p>\t\t\t\t\t\t\t\t<\/div>\n\t\t\t\t<\/div>\n\t\t\t\t\t<\/div>\n\t\t<\/div>\n\t\t\t\t\t<\/div>\n\t\t<\/section>\n\t\t\t\t<section class=\"elementor-section elementor-top-section elementor-element elementor-element-169d106 elementor-section-boxed elementor-section-height-default elementor-section-height-default\" data-id=\"169d106\" data-element_type=\"section\" data-e-type=\"section\">\n\t\t\t\t\t\t<div class=\"elementor-container elementor-column-gap-default\">\n\t\t\t\t\t<div class=\"elementor-column elementor-col-33 elementor-top-column elementor-element elementor-element-30c5ec2\" data-id=\"30c5ec2\" data-element_type=\"column\" data-e-type=\"column\">\n\t\t\t<div class=\"elementor-widget-wrap\">\n\t\t\t\t\t\t\t<\/div>\n\t\t<\/div>\n\t\t\t\t<div class=\"elementor-column elementor-col-33 elementor-top-column elementor-element elementor-element-db3a274\" data-id=\"db3a274\" data-element_type=\"column\" data-e-type=\"column\">\n\t\t\t<div class=\"elementor-widget-wrap elementor-element-populated\">\n\t\t\t\t\t\t<div class=\"elementor-element elementor-element-ad270fd elementor-widget elementor-widget-image\" data-id=\"ad270fd\" data-element_type=\"widget\" data-e-type=\"widget\" data-widget_type=\"image.default\">\n\t\t\t\t<div class=\"elementor-widget-container\">\n\t\t\t\t\t\t\t\t\t\t\t\t\t\t\t<img fetchpriority=\"high\" decoding=\"async\" width=\"283\" height=\"300\" src=\"https:\/\/hufschuhanzieher.de\/wp-content\/uploads\/2022\/10\/BEZAHLMETHODENanzeige_Footer-Hufschuhanzieher-283x300.jpg\" class=\"attachment-medium size-medium wp-image-14706\" alt=\"BEZAHLMETHODENanzeige_Footer-Hufschuhanzieher\" srcset=\"https:\/\/hufschuhanzieher.de\/wp-content\/uploads\/2022\/10\/BEZAHLMETHODENanzeige_Footer-Hufschuhanzieher-283x300.jpg 283w, https:\/\/hufschuhanzieher.de\/wp-content\/uploads\/2022\/10\/BEZAHLMETHODENanzeige_Footer-Hufschuhanzieher-300x318.jpg 300w, https:\/\/hufschuhanzieher.de\/wp-content\/uploads\/2022\/10\/BEZAHLMETHODENanzeige_Footer-Hufschuhanzieher-410x434.jpg 410w, https:\/\/hufschuhanzieher.de\/wp-content\/uploads\/2022\/10\/BEZAHLMETHODENanzeige_Footer-Hufschuhanzieher-11x12.jpg 11w, https:\/\/hufschuhanzieher.de\/wp-content\/uploads\/2022\/10\/BEZAHLMETHODENanzeige_Footer-Hufschuhanzieher-57x60.jpg 57w, https:\/\/hufschuhanzieher.de\/wp-content\/uploads\/2022\/10\/BEZAHLMETHODENanzeige_Footer-Hufschuhanzieher.jpg 438w\" sizes=\"(max-width: 283px) 100vw, 283px\" title=\"\">\t\t\t\t\t\t\t\t\t\t\t\t\t\t\t<\/div>\n\t\t\t\t<\/div>\n\t\t\t\t\t<\/div>\n\t\t<\/div>\n\t\t\t\t<div class=\"elementor-column elementor-col-33 elementor-top-column elementor-element elementor-element-35e7fbc\" data-id=\"35e7fbc\" data-element_type=\"column\" data-e-type=\"column\">\n\t\t\t<div class=\"elementor-widget-wrap\">\n\t\t\t\t\t\t\t<\/div>\n\t\t<\/div>\n\t\t\t\t\t<\/div>\n\t\t<\/section>\n\t\t\t\t<\/div>","protected":false},"excerpt":{"rendered":"<p>Zahlungsarten Sofort\u00fcberweisung Sie \u00fcberweisen den Rechnungbetrag direkt von Ihrem Bankkonto aus (PIN bereithalten). Kreditkarte (\u00fcber PayPal)Sie k\u00f6nnen mit Ihrer Kreditkarte zahlen &#8211; auch ohne eigenes PayPal Konto. Barzahlung bei AbholungSie zahlen bei Abholung der Ware.<\/p>","protected":false},"author":1,"featured_media":0,"parent":0,"menu_order":0,"comment_status":"closed","ping_status":"closed","template":"","meta":{"footnotes":""},"class_list":["post-1520","page","type-page","status-publish","hentry"],"blocksy_meta":[],"_links":{"self":[{"href":"https:\/\/hufschuhanzieher.de\/en\/wp-json\/wp\/v2\/pages\/1520","targetHints":{"allow":["GET"]}}],"collection":[{"href":"https:\/\/hufschuhanzieher.de\/en\/wp-json\/wp\/v2\/pages"}],"about":[{"href":"https:\/\/hufschuhanzieher.de\/en\/wp-json\/wp\/v2\/types\/page"}],"author":[{"embeddable":true,"href":"https:\/\/hufschuhanzieher.de\/en\/wp-json\/wp\/v2\/users\/1"}],"replies":[{"embeddable":true,"href":"https:\/\/hufschuhanzieher.de\/en\/wp-json\/wp\/v2\/comments?post=1520"}],"version-history":[{"count":0,"href":"https:\/\/hufschuhanzieher.de\/en\/wp-json\/wp\/v2\/pages\/1520\/revisions"}],"wp:attachment":[{"href":"https:\/\/hufschuhanzieher.de\/en\/wp-json\/wp\/v2\/media?parent=1520"}],"curies":[{"name":"wp","href":"https:\/\/api.w.org\/{rel}","templated":true}]}}