{"id":1519,"date":"2019-11-04T17:03:50","date_gmt":"2019-11-04T16:03:50","guid":{"rendered":"https:\/\/hufschuhanzieher.de\/?page_id=1519"},"modified":"2024-12-02T11:48:37","modified_gmt":"2024-12-02T10:48:37","slug":"versandarten","status":"publish","type":"page","link":"https:\/\/hufschuhanzieher.de\/en\/versandarten\/","title":{"rendered":"Delivery"},"content":{"rendered":"<div data-elementor-type=\"wp-page\" data-elementor-id=\"1519\" class=\"elementor elementor-1519\">\n\t\t\t\t\t\t<section class=\"elementor-section elementor-top-section elementor-element elementor-element-6d55f887 elementor-section-boxed elementor-section-height-default elementor-section-height-default\" data-id=\"6d55f887\" data-element_type=\"section\" data-e-type=\"section\">\n\t\t\t\t\t\t<div class=\"elementor-container elementor-column-gap-default\">\n\t\t\t\t\t<div class=\"elementor-column elementor-col-50 elementor-top-column elementor-element elementor-element-2cb81244\" data-id=\"2cb81244\" data-element_type=\"column\" data-e-type=\"column\">\n\t\t\t<div class=\"elementor-widget-wrap elementor-element-populated\">\n\t\t\t\t\t\t<div class=\"elementor-element elementor-element-733f4d30 elementor-widget elementor-widget-text-editor\" data-id=\"733f4d30\" data-element_type=\"widget\" data-e-type=\"widget\" data-widget_type=\"text-editor.default\">\n\t\t\t\t<div class=\"elementor-widget-container\">\n\t\t\t\t\t\t\t\t\t<h3>Delivery options<\/h3>\n<p><!-- \/wp:heading --><!-- wp:paragraph --><\/p>\n<p><strong>We accept as payment options:<\/strong><br \/>Cash payment on collection<br \/>Prepayment by bank transfer<br \/>PayPal<\/p>\n<p><strong>Please note:<\/strong> <br \/>Postage cannot be refunded in the event of returns or exchanges.<br \/>Free delivery for orders over 160 euros does not apply to test boots!<br \/>Minimum order value 25 \u20ac excl. delivery <span style=\"text-decoration: underline;\">excl. shipping<br \/><\/span><\/p>\n<p><!-- \/wp:paragraph --><\/p>\t\t\t\t\t\t\t\t<\/div>\n\t\t\t\t<\/div>\n\t\t\t\t\t<\/div>\n\t\t<\/div>\n\t\t\t\t<div class=\"elementor-column elementor-col-50 elementor-top-column elementor-element elementor-element-5d5635d\" data-id=\"5d5635d\" data-element_type=\"column\" data-e-type=\"column\">\n\t\t\t<div class=\"elementor-widget-wrap elementor-element-populated\">\n\t\t\t\t\t\t<div class=\"elementor-element elementor-element-6c8a215 elementor-widget elementor-widget-text-editor\" data-id=\"6c8a215\" data-element_type=\"widget\" data-e-type=\"widget\" data-widget_type=\"text-editor.default\">\n\t\t\t\t<div class=\"elementor-widget-container\">\n\t\t\t\t\t\t\t\t\t<h3>Deliveries within Germany:<\/h3>\n<p>Die Versandkosten betragen innerhalb Deutschlands 5,95 \u20ac Versand \/Porto bis 5 kg bis zu einem Einkaufswert von 160 \u20ac versichert mit DHL. <br \/>Ab 160 \u20ac Bestellwert liefern wir versandkostenfrei!<br \/>Versandkostenfreie Lieferungen ab 160 \u20ac gelten nicht f\u00fcr Testschuhe!<br \/>Shipping by cash on delivery on request.<br \/>Other delivery companies on request.<br \/><br \/><\/p>\n<p><!-- \/wp:paragraph --><!-- wp:paragraph --><\/p>\n<p><!-- \/wp:paragraph --><!-- wp:paragraph --><\/p>\n<h3>Deliveries to other EU countries:<\/h3>\n<p>Wir liefern in alle europ\u00e4ischen L\u00e4nder pro versichertem Paket bis 5 kg zu 19,90 Euro mit DHL.<br \/>Other delivery companies on request.<br \/>The delivery times stated in the shop may be extended.<br \/><br \/><\/p>\n<p><!-- \/wp:paragraph --><!-- wp:paragraph --><\/p>\n<h3>Deliveries worldwide:\u00a0<\/h3>\n<p>Bitte erfragen Sie die Versandkosten f\u00fcr Ihr Land oder Ihre Region direkt bei uns.<br \/>Eventuell werden Zollgeb\u00fchren f\u00e4llig. Diese sind in unseren Preisen noch nicht enthalten.<br \/>The delivery times stated in the shop only apply to shipping within Germany.<\/p>\n<p><!-- \/wp:paragraph --><\/p>\t\t\t\t\t\t\t\t<\/div>\n\t\t\t\t<\/div>\n\t\t\t\t\t<\/div>\n\t\t<\/div>\n\t\t\t\t\t<\/div>\n\t\t<\/section>\n\t\t\t\t<\/div>","protected":false},"excerpt":{"rendered":"<p>Versandoptionen Wir akzeptieren als Zahlungsoptionen:Barzahlung bei AbholungVorauskasse mit Bank\u00fcberweisungPayPal Bitte beachten Sie: Im Falle von R\u00fccksendungen oder R\u00fcckgaben kann das Porto leider nicht erstattet werden.Versandkostenfreie Lieferungen ab 160 Euro gelten nicht f\u00fcr Testschuhe!Mindestbestellwert: 25 Euro exkl. Versandkosten Lieferungen innerhalb Deutschlands: Die Versandkosten betragen innerhalb Deutschlands 5,95 \u20ac Versand \/Porto bis 5 kg bis zu einem [&hellip;]<\/p>\n","protected":false},"author":1,"featured_media":0,"parent":0,"menu_order":0,"comment_status":"closed","ping_status":"closed","template":"","meta":{"footnotes":""},"class_list":["post-1519","page","type-page","status-publish","hentry"],"blocksy_meta":[],"_links":{"self":[{"href":"https:\/\/hufschuhanzieher.de\/en\/wp-json\/wp\/v2\/pages\/1519","targetHints":{"allow":["GET"]}}],"collection":[{"href":"https:\/\/hufschuhanzieher.de\/en\/wp-json\/wp\/v2\/pages"}],"about":[{"href":"https:\/\/hufschuhanzieher.de\/en\/wp-json\/wp\/v2\/types\/page"}],"author":[{"embeddable":true,"href":"https:\/\/hufschuhanzieher.de\/en\/wp-json\/wp\/v2\/users\/1"}],"replies":[{"embeddable":true,"href":"https:\/\/hufschuhanzieher.de\/en\/wp-json\/wp\/v2\/comments?post=1519"}],"version-history":[{"count":0,"href":"https:\/\/hufschuhanzieher.de\/en\/wp-json\/wp\/v2\/pages\/1519\/revisions"}],"wp:attachment":[{"href":"https:\/\/hufschuhanzieher.de\/en\/wp-json\/wp\/v2\/media?parent=1519"}],"curies":[{"name":"wp","href":"https:\/\/api.w.org\/{rel}","templated":true}]}}